{"id":43683,"date":"2025-04-01T14:53:48","date_gmt":"2025-04-01T12:53:48","guid":{"rendered":"https:\/\/murielughetto.com\/?post_type=product&#038;p=43683"},"modified":"2025-09-19T13:31:33","modified_gmt":"2025-09-19T11:31:33","slug":"onyx","status":"publish","type":"product","link":"https:\/\/murielughetto.com\/en\/product\/onyx\/","title":{"rendered":"Onyx"},"content":{"rendered":"<p>Une recharge pratique \u00e9tudi\u00e9e pour un br\u00fblage parfait\u2026<br \/>\nNous avons imagin\u00e9 une recharge qui se place directement dans votre bougie XL une fois la bougie d\u2019origine consum\u00e9e et le contenant lav\u00e9.<\/p>\n<p>H 10cm \/ DIA 10cm<\/p>","protected":false},"excerpt":{"rendered":"<p>A mysterious, captivating  fragrance with notes of balsam and wood.<\/p>","protected":false},"featured_media":43612,"template":"","meta":{"_acf_changed":false},"product_brand":[],"product_cat":[914,912,895],"product_tag":[],"class_list":{"0":"post-43683","1":"product","2":"type-product","3":"status-publish","4":"has-post-thumbnail","6":"product_cat-onyx","7":"product_cat-recharges","8":"product_cat-recharges-accessoires-bougie","10":"first","11":"instock","12":"taxable","13":"shipping-taxable","14":"purchasable","15":"product-type-simple"},"acf":[],"_links":{"self":[{"href":"https:\/\/murielughetto.com\/en\/wp-json\/wp\/v2\/product\/43683","targetHints":{"allow":["GET"]}}],"collection":[{"href":"https:\/\/murielughetto.com\/en\/wp-json\/wp\/v2\/product"}],"about":[{"href":"https:\/\/murielughetto.com\/en\/wp-json\/wp\/v2\/types\/product"}],"wp:featuredmedia":[{"embeddable":true,"href":"https:\/\/murielughetto.com\/en\/wp-json\/wp\/v2\/media\/43612"}],"wp:attachment":[{"href":"https:\/\/murielughetto.com\/en\/wp-json\/wp\/v2\/media?parent=43683"}],"wp:term":[{"taxonomy":"product_brand","embeddable":true,"href":"https:\/\/murielughetto.com\/en\/wp-json\/wp\/v2\/product_brand?post=43683"},{"taxonomy":"product_cat","embeddable":true,"href":"https:\/\/murielughetto.com\/en\/wp-json\/wp\/v2\/product_cat?post=43683"},{"taxonomy":"product_tag","embeddable":true,"href":"https:\/\/murielughetto.com\/en\/wp-json\/wp\/v2\/product_tag?post=43683"}],"curies":[{"name":"wp","href":"https:\/\/api.w.org\/{rel}","templated":true}]}}