{"id":43053,"date":"2025-03-31T13:04:21","date_gmt":"2025-03-31T11:04:21","guid":{"rendered":"https:\/\/murielughetto.com\/?post_type=product&#038;p=43053"},"modified":"2025-09-19T14:22:38","modified_gmt":"2025-09-19T12:22:38","slug":"onyx-800-g-bougie-parfumee-xl-rechargeable","status":"publish","type":"product","link":"https:\/\/murielughetto.com\/en\/product\/onyx-800-g-bougie-parfumee-xl-rechargeable\/","title":{"rendered":"Onyx"},"content":{"rendered":"<p>Le Bougie Intelligente !<br \/>\nVous aimez les diffuseurs et bougies grand format ?<br \/>\nWe have developed a new concept that is more eco-friendly, refillable, and ensures more stable fragrances.<br \/>\nUn \u00e9l\u00e9gant contenant en verre teint\u00e9 surmont\u00e9 d\u2019un chapeau de bois de h\u00eatre tourn\u00e9, qui, une fois retourn\u00e9, devient le socle de la bougie\u2026<br \/>\nThis cap, fitted with a magnet, is also designed to accommodate a magnetic feather jewel (sold separately).<br \/>\nNotre bougie est vendue directement coul\u00e9e dans son contenant qui, une fois lav\u00e9, pourra \u00eatre r\u00e9utilis\u00e9 avec notre recharge qui vous pourrez directement disposer \u00e0 l&rsquo;int\u00e9rieur de celui-ci.<br \/>\nVous voulez donner encore plus de hauteur \u00e0 vos diffuseurs ou bougies XL ? Le design ing\u00e9nieux de nos vases Miles a \u00e9t\u00e9 sp\u00e9cialement con\u00e7u \u00e0 cet effet.<br \/>\nPar un judicieux et discret syst\u00e8me de suspension, vos diffuseurs et bougies prendront une nouvelle dimension.<br \/>\nUn effet XXL garanti tout en restant dans des quantit\u00e9s raisonnables du produit lui-m\u00eame.<br \/>\nNos Bougies XL rechargeables sont propos\u00e9es dans un joli coffret.<\/p>\n<p>H 17,5cm \/ DIA 17cm<\/p>","protected":false},"excerpt":{"rendered":"<p>A mysterious, captivating  fragrance with notes of balsam and wood.<\/p>","protected":false},"featured_media":46587,"template":"","meta":{"_acf_changed":false},"product_brand":[],"product_cat":[936,914],"product_tag":[],"class_list":{"0":"post-43053","1":"product","2":"type-product","3":"status-publish","4":"has-post-thumbnail","6":"product_cat-bougies-xl","7":"product_cat-onyx","9":"first","10":"instock","11":"taxable","12":"shipping-taxable","13":"purchasable","14":"product-type-simple"},"acf":[],"_links":{"self":[{"href":"https:\/\/murielughetto.com\/en\/wp-json\/wp\/v2\/product\/43053","targetHints":{"allow":["GET"]}}],"collection":[{"href":"https:\/\/murielughetto.com\/en\/wp-json\/wp\/v2\/product"}],"about":[{"href":"https:\/\/murielughetto.com\/en\/wp-json\/wp\/v2\/types\/product"}],"wp:featuredmedia":[{"embeddable":true,"href":"https:\/\/murielughetto.com\/en\/wp-json\/wp\/v2\/media\/46587"}],"wp:attachment":[{"href":"https:\/\/murielughetto.com\/en\/wp-json\/wp\/v2\/media?parent=43053"}],"wp:term":[{"taxonomy":"product_brand","embeddable":true,"href":"https:\/\/murielughetto.com\/en\/wp-json\/wp\/v2\/product_brand?post=43053"},{"taxonomy":"product_cat","embeddable":true,"href":"https:\/\/murielughetto.com\/en\/wp-json\/wp\/v2\/product_cat?post=43053"},{"taxonomy":"product_tag","embeddable":true,"href":"https:\/\/murielughetto.com\/en\/wp-json\/wp\/v2\/product_tag?post=43053"}],"curies":[{"name":"wp","href":"https:\/\/api.w.org\/{rel}","templated":true}]}}