{"id":42542,"date":"2025-03-28T18:31:08","date_gmt":"2025-03-28T17:31:08","guid":{"rendered":"https:\/\/murielughetto.com\/?post_type=product&#038;p=42542"},"modified":"2025-04-16T12:03:56","modified_gmt":"2025-04-16T10:03:56","slug":"ella-pampa-verre-plumes-naturel","status":"publish","type":"product","link":"https:\/\/murielughetto.com\/en\/product\/ella-pampa-verre-plumes-naturel\/","title":{"rendered":"Ella Pampa Lampshade"},"content":{"rendered":"<p>Les Divas \u2026<br \/>\nDe plumes et de verre.<br \/>\nLe photophore Ella en verre borosilicate cannel\u00e9 est con\u00e7u pour habiller le mod\u00e8le de lampe Swap Mini de chez Zafferano, leader du march\u00e9 de la lampe nomade de qualit\u00e9.<br \/>\nLe mod\u00e8le Ella, pourvu d\u2019un aimant, est livr\u00e9 avec un bijou de plumes magn\u00e9tique.<br \/>\nAinsi, vous pourrez, si vous le souhaitez, acqu\u00e9rir d\u2019autres bijoux magn\u00e9tiques afin de modifier le look de votre lampe au gr\u00e9 de vos envies.<br \/>\nM\u00e9lange de plumes pr\u00e9cieuses et de verre, le photophore Ella offre \u00e0 votre lampe nomade une dimension d\u00e9corative, po\u00e9tique et a\u00e9rienne in\u00e9dite, le tout d\u00e9clin\u00e9 dans une large gamme de formes et de couleurs.<br \/>\nSur une table basse ou de repas, dans une chambre, une salle de bain ou encore un gu\u00e9ridon, votre lampe saura facilement trouver sa place dans la maison.<br \/>\nLampe Swap Mini vendue s\u00e9par\u00e9ment.<\/p>\n<p>Dimensions : environ H 40cm \/ DIA 35cm<\/p>","protected":false},"excerpt":{"rendered":"<p>Les Divas \u2026 De plumes et de verre. Le photophore Ella en verre borosilicate cannel\u00e9 est con\u00e7u pour habiller le mod\u00e8le de lampe Swap Mini de chez Zafferano, leader du march\u00e9 de la lampe nomade de qualit\u00e9. Le mod\u00e8le Ella, pourvu d\u2019un aimant, est livr\u00e9 avec un bijou de plumes magn\u00e9tique. Ainsi, vous pourrez, si [&hellip;]<\/p>\n","protected":false},"featured_media":46689,"template":"","meta":{"_acf_changed":false},"product_brand":[],"product_cat":[938,940],"product_tag":[],"class_list":{"0":"post-42542","1":"product","2":"type-product","3":"status-publish","4":"has-post-thumbnail","6":"product_cat-divas","7":"product_cat-ella","9":"first","10":"instock","11":"taxable","12":"shipping-taxable","13":"purchasable","14":"product-type-simple"},"acf":[],"_links":{"self":[{"href":"https:\/\/murielughetto.com\/en\/wp-json\/wp\/v2\/product\/42542","targetHints":{"allow":["GET"]}}],"collection":[{"href":"https:\/\/murielughetto.com\/en\/wp-json\/wp\/v2\/product"}],"about":[{"href":"https:\/\/murielughetto.com\/en\/wp-json\/wp\/v2\/types\/product"}],"wp:featuredmedia":[{"embeddable":true,"href":"https:\/\/murielughetto.com\/en\/wp-json\/wp\/v2\/media\/46689"}],"wp:attachment":[{"href":"https:\/\/murielughetto.com\/en\/wp-json\/wp\/v2\/media?parent=42542"}],"wp:term":[{"taxonomy":"product_brand","embeddable":true,"href":"https:\/\/murielughetto.com\/en\/wp-json\/wp\/v2\/product_brand?post=42542"},{"taxonomy":"product_cat","embeddable":true,"href":"https:\/\/murielughetto.com\/en\/wp-json\/wp\/v2\/product_cat?post=42542"},{"taxonomy":"product_tag","embeddable":true,"href":"https:\/\/murielughetto.com\/en\/wp-json\/wp\/v2\/product_tag?post=42542"}],"curies":[{"name":"wp","href":"https:\/\/api.w.org\/{rel}","templated":true}]}}