{"id":42481,"date":"2025-03-28T18:31:02","date_gmt":"2025-03-28T17:31:02","guid":{"rendered":"https:\/\/murielughetto.com\/?post_type=product&#038;p=42481"},"modified":"2026-04-01T17:13:36","modified_gmt":"2026-04-01T15:13:36","slug":"betons-diffuseur-de-parfum-xl-noir-etui-de-9-betons-en-3-hauteurs-differentes","status":"publish","type":"product","link":"https:\/\/murielughetto.com\/en\/product\/betons-diffuseur-de-parfum-xl-noir-etui-de-9-betons-en-3-hauteurs-differentes\/","title":{"rendered":"XL Diffuser Sticks"},"content":{"rendered":"<p>Les b\u00e2tons \u00e0 parfum fibres XL sont conseill\u00e9s pour les diffuseurs XL.<br \/>\nCet \u00e9tui contient 9 b\u00e2tons en fibre de 3 tailles diff\u00e9rentes (60, 65 et 70 cm).<br \/>\nCette quantit\u00e9 correspond \u00e0 3 cycles d\u2019utilisation de votre diffuseur.<br \/>\nLes b\u00e2tonnets peuvent s\u2019orner de nos bijoux, faits de plumes et de bois de h\u00eatre, ajoutant une dimension a\u00e9rienne et po\u00e9tique \u00e0 nos diffuseurs.<\/p>","protected":false},"excerpt":{"rendered":"<p>Black<\/p>","protected":false},"featured_media":56256,"template":"","meta":{"_acf_changed":false},"product_brand":[],"product_cat":[935,912,893],"product_tag":[],"class_list":{"0":"post-42481","1":"product","2":"type-product","3":"status-publish","4":"has-post-thumbnail","6":"product_cat-baton","7":"product_cat-recharges","8":"product_cat-recharges-accessoires-parfum","10":"first","11":"instock","12":"taxable","13":"shipping-taxable","14":"purchasable","15":"product-type-simple"},"acf":[],"_links":{"self":[{"href":"https:\/\/murielughetto.com\/en\/wp-json\/wp\/v2\/product\/42481","targetHints":{"allow":["GET"]}}],"collection":[{"href":"https:\/\/murielughetto.com\/en\/wp-json\/wp\/v2\/product"}],"about":[{"href":"https:\/\/murielughetto.com\/en\/wp-json\/wp\/v2\/types\/product"}],"wp:featuredmedia":[{"embeddable":true,"href":"https:\/\/murielughetto.com\/en\/wp-json\/wp\/v2\/media\/56256"}],"wp:attachment":[{"href":"https:\/\/murielughetto.com\/en\/wp-json\/wp\/v2\/media?parent=42481"}],"wp:term":[{"taxonomy":"product_brand","embeddable":true,"href":"https:\/\/murielughetto.com\/en\/wp-json\/wp\/v2\/product_brand?post=42481"},{"taxonomy":"product_cat","embeddable":true,"href":"https:\/\/murielughetto.com\/en\/wp-json\/wp\/v2\/product_cat?post=42481"},{"taxonomy":"product_tag","embeddable":true,"href":"https:\/\/murielughetto.com\/en\/wp-json\/wp\/v2\/product_tag?post=42481"}],"curies":[{"name":"wp","href":"https:\/\/api.w.org\/{rel}","templated":true}]}}