{"id":42472,"date":"2025-03-28T18:31:02","date_gmt":"2025-03-28T17:31:02","guid":{"rendered":"https:\/\/murielughetto.com\/?post_type=product&#038;p=42472"},"modified":"2025-09-19T14:24:03","modified_gmt":"2025-09-19T12:24:03","slug":"onyx-medium-scented-rolling-stones","status":"publish","type":"product","link":"https:\/\/murielughetto.com\/en\/product\/onyx-medium-scented-rolling-stones\/","title":{"rendered":"Onyx"},"content":{"rendered":"<p>Le \u00ab Pot Pourri \u00bb revisit\u00e9\u2026<\/p>\n<p>Une coupelle en bois de h\u00eatre teint\u00e9 remplie de pierres semi-pr\u00e9cieuses, de pierres de lave ainsi que de<\/p>\n<p>petits bijoux en laiton.<\/p>\n<p>A decorative and effective way to scent your interior according to a unique principle of fragrance impregnation.<\/p>\n<p>Un tulle de protection permet \u00e0 la fois d\u2019\u00e9viter d\u2019\u00e9garer ces petits tr\u00e9sors mais \u00e9galement de les rendre inaccessibles aux enfants.<\/p>\n<p>Le parfum d\u2019int\u00e9rieur vous permet de r\u00e9activer votre Scented Rolling Stones \u00e0 l\u2019infini.<\/p>\n<p>Diam\u00e8tre 17 cm.<\/p>","protected":false},"excerpt":{"rendered":"<p>A mysterious, captivating  fragrance with notes of balsam and wood.<\/p>","protected":false},"featured_media":43606,"template":"","meta":{"_acf_changed":false},"product_brand":[],"product_cat":[914,901],"product_tag":[],"class_list":{"0":"post-42472","1":"product","2":"type-product","3":"status-publish","4":"has-post-thumbnail","6":"product_cat-onyx","7":"product_cat-scented-rolling-stones","9":"first","10":"instock","11":"taxable","12":"shipping-taxable","13":"purchasable","14":"product-type-simple"},"acf":[],"_links":{"self":[{"href":"https:\/\/murielughetto.com\/en\/wp-json\/wp\/v2\/product\/42472","targetHints":{"allow":["GET"]}}],"collection":[{"href":"https:\/\/murielughetto.com\/en\/wp-json\/wp\/v2\/product"}],"about":[{"href":"https:\/\/murielughetto.com\/en\/wp-json\/wp\/v2\/types\/product"}],"wp:featuredmedia":[{"embeddable":true,"href":"https:\/\/murielughetto.com\/en\/wp-json\/wp\/v2\/media\/43606"}],"wp:attachment":[{"href":"https:\/\/murielughetto.com\/en\/wp-json\/wp\/v2\/media?parent=42472"}],"wp:term":[{"taxonomy":"product_brand","embeddable":true,"href":"https:\/\/murielughetto.com\/en\/wp-json\/wp\/v2\/product_brand?post=42472"},{"taxonomy":"product_cat","embeddable":true,"href":"https:\/\/murielughetto.com\/en\/wp-json\/wp\/v2\/product_cat?post=42472"},{"taxonomy":"product_tag","embeddable":true,"href":"https:\/\/murielughetto.com\/en\/wp-json\/wp\/v2\/product_tag?post=42472"}],"curies":[{"name":"wp","href":"https:\/\/api.w.org\/{rel}","templated":true}]}}