{"id":42469,"date":"2025-03-28T18:30:57","date_gmt":"2025-03-28T17:30:57","guid":{"rendered":"https:\/\/murielughetto.com\/?post_type=product&#038;p=42469"},"modified":"2025-05-07T13:40:07","modified_gmt":"2025-05-07T11:40:07","slug":"quartz-550-g-recharge-pour-bougie-parfumee-xl","status":"publish","type":"product","link":"https:\/\/murielughetto.com\/en\/product\/quartz-550-g-recharge-pour-bougie-parfumee-xl\/","title":{"rendered":"Quartz"},"content":{"rendered":"<p>Une recharge pratique \u00e9tudi\u00e9e pour un br\u00fblage parfait\u2026<br \/>\nNous avons imagin\u00e9 une recharge qui se place directement dans votre bougie XL une fois la bougie d\u2019origine consum\u00e9e et le contenant lav\u00e9.<\/p>\n<p>H 10cm \/ DIA 10cm<\/p>","protected":false},"excerpt":{"rendered":"<p>Powdery, musky and floral notes, a tender and delicate perfume.<\/p>","protected":false},"featured_media":43725,"template":"","meta":{"_acf_changed":false},"product_brand":[],"product_cat":[916,912,895],"product_tag":[],"class_list":{"0":"post-42469","1":"product","2":"type-product","3":"status-publish","4":"has-post-thumbnail","6":"product_cat-quartz","7":"product_cat-recharges","8":"product_cat-recharges-accessoires-bougie","10":"first","11":"instock","12":"taxable","13":"shipping-taxable","14":"purchasable","15":"product-type-simple"},"acf":[],"_links":{"self":[{"href":"https:\/\/murielughetto.com\/en\/wp-json\/wp\/v2\/product\/42469","targetHints":{"allow":["GET"]}}],"collection":[{"href":"https:\/\/murielughetto.com\/en\/wp-json\/wp\/v2\/product"}],"about":[{"href":"https:\/\/murielughetto.com\/en\/wp-json\/wp\/v2\/types\/product"}],"wp:featuredmedia":[{"embeddable":true,"href":"https:\/\/murielughetto.com\/en\/wp-json\/wp\/v2\/media\/43725"}],"wp:attachment":[{"href":"https:\/\/murielughetto.com\/en\/wp-json\/wp\/v2\/media?parent=42469"}],"wp:term":[{"taxonomy":"product_brand","embeddable":true,"href":"https:\/\/murielughetto.com\/en\/wp-json\/wp\/v2\/product_brand?post=42469"},{"taxonomy":"product_cat","embeddable":true,"href":"https:\/\/murielughetto.com\/en\/wp-json\/wp\/v2\/product_cat?post=42469"},{"taxonomy":"product_tag","embeddable":true,"href":"https:\/\/murielughetto.com\/en\/wp-json\/wp\/v2\/product_tag?post=42469"}],"curies":[{"name":"wp","href":"https:\/\/api.w.org\/{rel}","templated":true}]}}