{"id":42436,"date":"2025-03-28T18:30:57","date_gmt":"2025-03-28T17:30:57","guid":{"rendered":"https:\/\/murielughetto.com\/?post_type=product&#038;p=42436"},"modified":"2025-09-19T14:53:11","modified_gmt":"2025-09-19T12:53:11","slug":"topaze-500-ml-diffuseur-de-parfum-xl-rechargeable","status":"publish","type":"product","link":"https:\/\/murielughetto.com\/en\/product\/topaze-500-ml-diffuseur-de-parfum-xl-rechargeable\/","title":{"rendered":"Topaze"},"content":{"rendered":"<p>Le Diffuseur Intelligent !<br \/>\nVous aimez les diffuseurs et bougies grand format ?<br \/>\nWe have developed a new concept that is more eco-friendly, refillable, and ensures more stable fragrances.<br \/>\nUn \u00e9l\u00e9gant contenant en verre teint\u00e9, surmont\u00e9 d\u2019un chapeau de bois de h\u00eatre tourn\u00e9, laissant passer les b\u00e2tons diffuseurs, dissimule astucieusement nos recharges.<br \/>\nPratique, les b\u00e2tons \u00e0 parfum sont directement ins\u00e9r\u00e9s dans la recharge, \u00e9vitant ainsi de transvaser le liquide parfum\u00e9.<br \/>\nVous voulez donner encore plus de hauteur \u00e0 vos diffuseurs ou bougies XL ?<br \/>\nThe ingenious design of our Miles vases has been specially created for this purpose.<br \/>\nPar un judicieux et discret syst\u00e8me de suspension, vos diffuseurs et bougies prendront une nouvelle dimension.<br \/>\nUn effet XXL garanti tout en restant dans des quantit\u00e9s raisonnables du produit lui-m\u00eame.<br \/>\nNos diffuseurs XL rechargeables sont propos\u00e9s dans un joli coffret.<br \/>\nRecharge incluse.<br \/>\nFragrance sticks sold separately.<\/p>\n<p>H 17,5cm \/ DIA 17cm<\/p>","protected":false},"excerpt":{"rendered":"<p>Spicy, reseny notes, a smooth and luxury fragrance<\/p>","protected":false},"featured_media":46586,"template":"","meta":{"_acf_changed":false},"product_brand":[],"product_cat":[881,920],"product_tag":[],"class_list":{"0":"post-42436","1":"product","2":"type-product","3":"status-publish","4":"has-post-thumbnail","6":"product_cat-diffuseurs-xl-rechargeables","7":"product_cat-topaze","9":"first","10":"instock","11":"taxable","12":"shipping-taxable","13":"purchasable","14":"product-type-simple"},"acf":[],"_links":{"self":[{"href":"https:\/\/murielughetto.com\/en\/wp-json\/wp\/v2\/product\/42436","targetHints":{"allow":["GET"]}}],"collection":[{"href":"https:\/\/murielughetto.com\/en\/wp-json\/wp\/v2\/product"}],"about":[{"href":"https:\/\/murielughetto.com\/en\/wp-json\/wp\/v2\/types\/product"}],"wp:featuredmedia":[{"embeddable":true,"href":"https:\/\/murielughetto.com\/en\/wp-json\/wp\/v2\/media\/46586"}],"wp:attachment":[{"href":"https:\/\/murielughetto.com\/en\/wp-json\/wp\/v2\/media?parent=42436"}],"wp:term":[{"taxonomy":"product_brand","embeddable":true,"href":"https:\/\/murielughetto.com\/en\/wp-json\/wp\/v2\/product_brand?post=42436"},{"taxonomy":"product_cat","embeddable":true,"href":"https:\/\/murielughetto.com\/en\/wp-json\/wp\/v2\/product_cat?post=42436"},{"taxonomy":"product_tag","embeddable":true,"href":"https:\/\/murielughetto.com\/en\/wp-json\/wp\/v2\/product_tag?post=42436"}],"curies":[{"name":"wp","href":"https:\/\/api.w.org\/{rel}","templated":true}]}}