{"id":38417,"date":"2025-03-28T18:30:50","date_gmt":"2025-03-28T17:30:50","guid":{"rendered":"https:\/\/murielughetto.com\/?post_type=product&#038;p=38417"},"modified":"2025-04-16T09:38:17","modified_gmt":"2025-04-16T07:38:17","slug":"dee-dee-wild-verre-plumes-noir","status":"publish","type":"product","link":"https:\/\/murielughetto.com\/en\/product\/dee-dee-wild-verre-plumes-noir\/","title":{"rendered":"Dee Dee Wild Lampshade"},"content":{"rendered":"<p>Les Divas \u2026<br \/>\nDe plumes et de verre.<br \/>\nLe photophore Dee Dee en verre borosilicate cannel\u00e9 est con\u00e7u pour habiller les mod\u00e8les de lampes nomades Swap et Swap Mini de chez Zafferano, leader du march\u00e9 de la lampe nomade de qualit\u00e9.<br \/>\nSur le mod\u00e8le Dee Dee, la composition de plumes est directement fix\u00e9e.<br \/>\nM\u00e9lange de plumes pr\u00e9cieuses et de verre, Dee Dee offre \u00e0 votre lampe une dimension d\u00e9corative, po\u00e9tique et a\u00e9rienne in\u00e9dite, le tout d\u00e9clin\u00e9 dans une large gamme de formes et de couleurs.<br \/>\nSur une table basse ou de repas, dans une chambre, une salle de bain ou encore un gu\u00e9ridon, votre lampe saura facilement trouver sa place dans la maison.<br \/>\nLampe Swap Mini et Swap vendues s\u00e9par\u00e9ment.<\/p>\n<p>Dimensions : environ H 30cm \/ DIA 30 cm<\/p>","protected":false},"excerpt":{"rendered":"<p>Les Divas \u2026 De plumes et de verre. Le photophore Dee Dee en verre borosilicate cannel\u00e9 est con\u00e7u pour habiller les mod\u00e8les de lampes nomades Swap et Swap Mini de chez Zafferano, leader du march\u00e9 de la lampe nomade de qualit\u00e9. Sur le mod\u00e8le Dee Dee, la composition de plumes est directement fix\u00e9e. M\u00e9lange de [&hellip;]<\/p>\n","protected":false},"featured_media":46761,"template":"","meta":{"_acf_changed":false},"product_brand":[],"product_cat":[941,938],"product_tag":[],"class_list":{"0":"post-38417","1":"product","2":"type-product","3":"status-publish","4":"has-post-thumbnail","6":"product_cat-dee-dee","7":"product_cat-divas","9":"first","10":"instock","11":"taxable","12":"shipping-taxable","13":"purchasable","14":"product-type-simple"},"acf":[],"_links":{"self":[{"href":"https:\/\/murielughetto.com\/en\/wp-json\/wp\/v2\/product\/38417","targetHints":{"allow":["GET"]}}],"collection":[{"href":"https:\/\/murielughetto.com\/en\/wp-json\/wp\/v2\/product"}],"about":[{"href":"https:\/\/murielughetto.com\/en\/wp-json\/wp\/v2\/types\/product"}],"wp:featuredmedia":[{"embeddable":true,"href":"https:\/\/murielughetto.com\/en\/wp-json\/wp\/v2\/media\/46761"}],"wp:attachment":[{"href":"https:\/\/murielughetto.com\/en\/wp-json\/wp\/v2\/media?parent=38417"}],"wp:term":[{"taxonomy":"product_brand","embeddable":true,"href":"https:\/\/murielughetto.com\/en\/wp-json\/wp\/v2\/product_brand?post=38417"},{"taxonomy":"product_cat","embeddable":true,"href":"https:\/\/murielughetto.com\/en\/wp-json\/wp\/v2\/product_cat?post=38417"},{"taxonomy":"product_tag","embeddable":true,"href":"https:\/\/murielughetto.com\/en\/wp-json\/wp\/v2\/product_tag?post=38417"}],"curies":[{"name":"wp","href":"https:\/\/api.w.org\/{rel}","templated":true}]}}