{"id":38411,"date":"2025-03-28T18:30:45","date_gmt":"2025-03-28T17:30:45","guid":{"rendered":"https:\/\/murielughetto.com\/?post_type=product&#038;p=38411"},"modified":"2025-04-18T13:18:45","modified_gmt":"2025-04-18T11:18:45","slug":"lampe-nomade-noir-poldina-pro","status":"publish","type":"product","link":"https:\/\/murielughetto.com\/en\/product\/lampe-nomade-noir-poldina-pro\/","title":{"rendered":"Nomad Lamp"},"content":{"rendered":"<p>Zafferano \u00e9tant un des leader du march\u00e9 de la lampe nomade de qualit\u00e9, nous avons d\u00e9cid\u00e9 de cr\u00e9er des bijoux de plumes adapt\u00e9s \u00e0 certains de leurs mod\u00e8les.<br \/>\nC\u2019est ainsi que nos Bijoux Magn\u00e9tiques sont con\u00e7us pour la lampe Poldina Pro.<br \/>\nPoldina Pro est une lampe de table sans fil \u00e0 batterie rechargeable.<\/p>\n<p>Une commande tactile sur le dessus de la t\u00eate permet d&rsquo;allumer, de r\u00e9gler l&rsquo;intensit\u00e9 lumineuse et de s\u00e9lectionner la temp\u00e9rature de couleur de la lumi\u00e8re. Gr\u00e2ce \u00e0 un indice de protection \u00e9lev\u00e9, la lampe peut aussi \u00eatre utilis\u00e9e \u00e0 l&rsquo;ext\u00e9rieur. Elle est \u00e9quip\u00e9e d&rsquo;un syst\u00e8me de contr\u00f4le \u00e9lectronique qui surveille et signale l&rsquo;autonomie restante de la batterie, avec possibilit\u00e9 d&rsquo;optimiser la recharge et de toujours l&rsquo;effectuer correctement. Elle est \u00e9quip\u00e9e d&rsquo;une base de chargement \u00e0 contact. Le chargeur est compris.<\/p>\n<p>H 38 cm DIA 11 cm<\/p>","protected":false},"excerpt":{"rendered":"<p>Zafferano \u00e9tant un des leader du march\u00e9 de la lampe nomade de qualit\u00e9, nous avons d\u00e9cid\u00e9 de cr\u00e9er des bijoux de plumes adapt\u00e9s \u00e0 certains de leurs mod\u00e8les. C\u2019est ainsi que nos Bijoux Magn\u00e9tiques sont con\u00e7us pour la lampe Poldina Pro. Poldina Pro est une lampe de table sans fil \u00e0 batterie rechargeable. Une commande [&hellip;]<\/p>\n","protected":false},"featured_media":56528,"template":"","meta":{"_acf_changed":false},"product_brand":[],"product_cat":[928],"product_tag":[],"class_list":{"0":"post-38411","1":"product","2":"type-product","3":"status-publish","4":"has-post-thumbnail","6":"product_cat-lampes-nomades","8":"first","9":"instock","10":"taxable","11":"shipping-taxable","12":"purchasable","13":"product-type-simple"},"acf":[],"_links":{"self":[{"href":"https:\/\/murielughetto.com\/en\/wp-json\/wp\/v2\/product\/38411","targetHints":{"allow":["GET"]}}],"collection":[{"href":"https:\/\/murielughetto.com\/en\/wp-json\/wp\/v2\/product"}],"about":[{"href":"https:\/\/murielughetto.com\/en\/wp-json\/wp\/v2\/types\/product"}],"wp:featuredmedia":[{"embeddable":true,"href":"https:\/\/murielughetto.com\/en\/wp-json\/wp\/v2\/media\/56528"}],"wp:attachment":[{"href":"https:\/\/murielughetto.com\/en\/wp-json\/wp\/v2\/media?parent=38411"}],"wp:term":[{"taxonomy":"product_brand","embeddable":true,"href":"https:\/\/murielughetto.com\/en\/wp-json\/wp\/v2\/product_brand?post=38411"},{"taxonomy":"product_cat","embeddable":true,"href":"https:\/\/murielughetto.com\/en\/wp-json\/wp\/v2\/product_cat?post=38411"},{"taxonomy":"product_tag","embeddable":true,"href":"https:\/\/murielughetto.com\/en\/wp-json\/wp\/v2\/product_tag?post=38411"}],"curies":[{"name":"wp","href":"https:\/\/api.w.org\/{rel}","templated":true}]}}