{"id":38334,"date":"2025-03-28T18:30:45","date_gmt":"2025-03-28T17:30:45","guid":{"rendered":"https:\/\/murielughetto.com\/?post_type=product&#038;p=38334"},"modified":"2025-05-12T17:08:49","modified_gmt":"2025-05-12T15:08:49","slug":"bijou-magnetique-wild-plumes-bois-naturel","status":"publish","type":"product","link":"https:\/\/murielughetto.com\/en\/product\/bijou-magnetique-wild-plumes-bois-naturel\/","title":{"rendered":"Wild Magnetic Jewel"},"content":{"rendered":"<p>Un des \u00ab Must \u00bb de notre collection !<br \/>\nCe bijou est une composition de plumes muni d\u2019un syst\u00e8me d\u2019aimant permettant sa fixation sur tous les mod\u00e8les de nos lampes nomades Diva (except\u00e9 Deedee) , les chapeaux de bougies XL et pourquoi pas au gr\u00e9 de vos envies, sur toute surface m\u00e9tallique..<br \/>\nM\u00e9lange de plumes pr\u00e9cieuses et de bois de h\u00eatre, vos bijoux offrent \u00e0 vos bougies et lampes nomades une dimension d\u00e9corative, po\u00e9tique et a\u00e9rienne in\u00e9dite.<br \/>\nLes plumets se d\u00e9clinent en diff\u00e9rents mod\u00e8les et couleurs, offrant ainsi de larges possibilit\u00e9s.<\/p>","protected":false},"excerpt":{"rendered":"<p>Box of 1 \u201cHaute Couture\u201d jewel<\/p>","protected":false},"featured_media":56410,"template":"","meta":{"_acf_changed":false},"product_brand":[],"product_cat":[910,891,937,895],"product_tag":[],"class_list":{"0":"post-38334","1":"product","2":"type-product","3":"status-publish","4":"has-post-thumbnail","6":"product_cat-bijoux","7":"product_cat-bijoux-pour-bougie-xl","8":"product_cat-bijoux-pour-lampes-nomades","9":"product_cat-recharges-accessoires-bougie","11":"first","12":"instock","13":"taxable","14":"shipping-taxable","15":"purchasable","16":"product-type-simple"},"acf":[],"_links":{"self":[{"href":"https:\/\/murielughetto.com\/en\/wp-json\/wp\/v2\/product\/38334","targetHints":{"allow":["GET"]}}],"collection":[{"href":"https:\/\/murielughetto.com\/en\/wp-json\/wp\/v2\/product"}],"about":[{"href":"https:\/\/murielughetto.com\/en\/wp-json\/wp\/v2\/types\/product"}],"wp:featuredmedia":[{"embeddable":true,"href":"https:\/\/murielughetto.com\/en\/wp-json\/wp\/v2\/media\/56410"}],"wp:attachment":[{"href":"https:\/\/murielughetto.com\/en\/wp-json\/wp\/v2\/media?parent=38334"}],"wp:term":[{"taxonomy":"product_brand","embeddable":true,"href":"https:\/\/murielughetto.com\/en\/wp-json\/wp\/v2\/product_brand?post=38334"},{"taxonomy":"product_cat","embeddable":true,"href":"https:\/\/murielughetto.com\/en\/wp-json\/wp\/v2\/product_cat?post=38334"},{"taxonomy":"product_tag","embeddable":true,"href":"https:\/\/murielughetto.com\/en\/wp-json\/wp\/v2\/product_tag?post=38334"}],"curies":[{"name":"wp","href":"https:\/\/api.w.org\/{rel}","templated":true}]}}