{"id":38326,"date":"2025-03-28T18:30:38","date_gmt":"2025-03-28T17:30:38","guid":{"rendered":"https:\/\/murielughetto.com\/?post_type=product&#038;p=38326"},"modified":"2025-09-27T10:58:10","modified_gmt":"2025-09-27T08:58:10","slug":"bijou-betons-e-parfum-camelia-plumes-bois-absinthe","status":"publish","type":"product","link":"https:\/\/murielughetto.com\/en\/product\/bijou-betons-e-parfum-camelia-plumes-bois-absinthe\/","title":{"rendered":"Cam\u00e9lia Stick Jewel"},"content":{"rendered":"<p>Un des \u00ab Must \u00bb de notre collection.<br \/>\nNos bijoux de plumes sont con\u00e7us pour sublimer les b\u00e2tons \u00e0 parfum en rotin ou en fibre.<br \/>\nPlumes pr\u00e9cieuses et bois de h\u00eatre, vos bijoux offrent \u00e0 vos diffuseurs une dimension d\u00e9corative et po\u00e9tique in\u00e9dite.<br \/>\nLes plumets se d\u00e9clinent en diff\u00e9rents mod\u00e8les et couleurs, offrant ainsi de larges possibilit\u00e9s .<\/p>","protected":false},"excerpt":{"rendered":"<p>Box of 1 \u201cHaute Couture\u201d jewel<\/p>","protected":false},"featured_media":56135,"template":"","meta":{"_acf_changed":false},"product_brand":[],"product_cat":[965,910,885,893],"product_tag":[],"class_list":{"0":"post-38326","1":"product","2":"type-product","3":"status-publish","4":"has-post-thumbnail","6":"product_cat-ac2","7":"product_cat-bijoux","8":"product_cat-bijoux-pour-baton-a-parfum","9":"product_cat-recharges-accessoires-parfum","11":"first","12":"instock","13":"taxable","14":"shipping-taxable","15":"purchasable","16":"product-type-simple"},"acf":[],"_links":{"self":[{"href":"https:\/\/murielughetto.com\/en\/wp-json\/wp\/v2\/product\/38326","targetHints":{"allow":["GET"]}}],"collection":[{"href":"https:\/\/murielughetto.com\/en\/wp-json\/wp\/v2\/product"}],"about":[{"href":"https:\/\/murielughetto.com\/en\/wp-json\/wp\/v2\/types\/product"}],"wp:featuredmedia":[{"embeddable":true,"href":"https:\/\/murielughetto.com\/en\/wp-json\/wp\/v2\/media\/56135"}],"wp:attachment":[{"href":"https:\/\/murielughetto.com\/en\/wp-json\/wp\/v2\/media?parent=38326"}],"wp:term":[{"taxonomy":"product_brand","embeddable":true,"href":"https:\/\/murielughetto.com\/en\/wp-json\/wp\/v2\/product_brand?post=38326"},{"taxonomy":"product_cat","embeddable":true,"href":"https:\/\/murielughetto.com\/en\/wp-json\/wp\/v2\/product_cat?post=38326"},{"taxonomy":"product_tag","embeddable":true,"href":"https:\/\/murielughetto.com\/en\/wp-json\/wp\/v2\/product_tag?post=38326"}],"curies":[{"name":"wp","href":"https:\/\/api.w.org\/{rel}","templated":true}]}}