{"id":38273,"date":"2025-03-28T18:30:38","date_gmt":"2025-03-28T17:30:38","guid":{"rendered":"https:\/\/murielughetto.com\/?post_type=product&#038;p=38273"},"modified":"2025-04-18T12:20:51","modified_gmt":"2025-04-18T10:20:51","slug":"vase-miles-blanc-medium","status":"publish","type":"product","link":"https:\/\/murielughetto.com\/en\/product\/vase-miles-blanc-medium\/","title":{"rendered":"Miles Vase"},"content":{"rendered":"<p>Plus qu\u2019un vase \u2026<br \/>\nMiles est un \u00e9l\u00e9gant contenant aux lignes pures, en verre souffl\u00e9 et teint\u00e9.<br \/>\nEn plus de pouvoir accueillir vos bouquets de fleurs, il vous permettra \u00e9galement, par le biais d\u2019un judicieux et discret syst\u00e8me de suspension, de donner une dimension plus spectaculaire \u00e0 vos diffuseurs et bougies XL.<br \/>\nUn effet XXL garanti.<br \/>\nLe design de Miles a \u00e9t\u00e9 \u00e9galement \u00e9tudi\u00e9 afin de prot\u00e9ger la flamme de votre bougie des courants d\u2019air.<br \/>\nH 30 CM \/ DIA 25 CM<\/p>","protected":false},"excerpt":{"rendered":"<p>The smart vase with pure lines...<\/p>","protected":false},"featured_media":44313,"template":"","meta":{"_acf_changed":false},"product_brand":[],"product_cat":[893,906],"product_tag":[],"class_list":{"0":"post-38273","1":"product","2":"type-product","3":"status-publish","4":"has-post-thumbnail","6":"product_cat-recharges-accessoires-parfum","7":"product_cat-vases","9":"first","10":"instock","11":"taxable","12":"shipping-taxable","13":"purchasable","14":"product-type-simple"},"acf":[],"_links":{"self":[{"href":"https:\/\/murielughetto.com\/en\/wp-json\/wp\/v2\/product\/38273","targetHints":{"allow":["GET"]}}],"collection":[{"href":"https:\/\/murielughetto.com\/en\/wp-json\/wp\/v2\/product"}],"about":[{"href":"https:\/\/murielughetto.com\/en\/wp-json\/wp\/v2\/types\/product"}],"wp:featuredmedia":[{"embeddable":true,"href":"https:\/\/murielughetto.com\/en\/wp-json\/wp\/v2\/media\/44313"}],"wp:attachment":[{"href":"https:\/\/murielughetto.com\/en\/wp-json\/wp\/v2\/media?parent=38273"}],"wp:term":[{"taxonomy":"product_brand","embeddable":true,"href":"https:\/\/murielughetto.com\/en\/wp-json\/wp\/v2\/product_brand?post=38273"},{"taxonomy":"product_cat","embeddable":true,"href":"https:\/\/murielughetto.com\/en\/wp-json\/wp\/v2\/product_cat?post=38273"},{"taxonomy":"product_tag","embeddable":true,"href":"https:\/\/murielughetto.com\/en\/wp-json\/wp\/v2\/product_tag?post=38273"}],"curies":[{"name":"wp","href":"https:\/\/api.w.org\/{rel}","templated":true}]}}