{"id":35584,"date":"2025-03-28T18:30:32","date_gmt":"2025-03-28T17:30:32","guid":{"rendered":"https:\/\/murielughetto.com\/?post_type=product&#038;p=35584"},"modified":"2025-05-07T13:22:53","modified_gmt":"2025-05-07T11:22:53","slug":"quartz-200-ml-brume-de-parfum-deinterieur","status":"publish","type":"product","link":"https:\/\/murielughetto.com\/en\/product\/quartz-200-ml-brume-de-parfum-deinterieur\/","title":{"rendered":"Quartz"},"content":{"rendered":"<p>Le design de nos flacons surmont\u00e9s de bouchons en bois de h\u00eatre teint\u00e9, s\u2019inscrit dans un style \u00e0 la\u00a0fois pr\u00e9sent et discret.<br \/>\nLa brume d\u2019int\u00e9rieur vous permet de d\u00e9licatement parfumer vos textiles, rideaux, tentures, canap\u00e9s et coussins\u2026<br \/>\nElle est de concentration plus faible que celle du parfum afin de ne pas alt\u00e9rer les mat\u00e9riaux.<\/p>\n<p>H 19cm \/ DIA 5,5cm<\/p>","protected":false},"excerpt":{"rendered":"<p>Powdery, musky and floral notes, a tender and delicate perfume.<\/p>","protected":false},"featured_media":43693,"template":"","meta":{"_acf_changed":false},"product_brand":[],"product_cat":[916,883],"product_tag":[],"class_list":{"0":"post-35584","1":"product","2":"type-product","3":"status-publish","4":"has-post-thumbnail","6":"product_cat-quartz","7":"product_cat-sprays-parfum-dinterieur","9":"first","10":"instock","11":"taxable","12":"shipping-taxable","13":"purchasable","14":"product-type-simple"},"acf":[],"_links":{"self":[{"href":"https:\/\/murielughetto.com\/en\/wp-json\/wp\/v2\/product\/35584","targetHints":{"allow":["GET"]}}],"collection":[{"href":"https:\/\/murielughetto.com\/en\/wp-json\/wp\/v2\/product"}],"about":[{"href":"https:\/\/murielughetto.com\/en\/wp-json\/wp\/v2\/types\/product"}],"wp:featuredmedia":[{"embeddable":true,"href":"https:\/\/murielughetto.com\/en\/wp-json\/wp\/v2\/media\/43693"}],"wp:attachment":[{"href":"https:\/\/murielughetto.com\/en\/wp-json\/wp\/v2\/media?parent=35584"}],"wp:term":[{"taxonomy":"product_brand","embeddable":true,"href":"https:\/\/murielughetto.com\/en\/wp-json\/wp\/v2\/product_brand?post=35584"},{"taxonomy":"product_cat","embeddable":true,"href":"https:\/\/murielughetto.com\/en\/wp-json\/wp\/v2\/product_cat?post=35584"},{"taxonomy":"product_tag","embeddable":true,"href":"https:\/\/murielughetto.com\/en\/wp-json\/wp\/v2\/product_tag?post=35584"}],"curies":[{"name":"wp","href":"https:\/\/api.w.org\/{rel}","templated":true}]}}