{"id":35579,"date":"2025-03-28T18:30:32","date_gmt":"2025-03-28T17:30:32","guid":{"rendered":"https:\/\/murielughetto.com\/?post_type=product&#038;p=35579"},"modified":"2025-09-19T14:48:45","modified_gmt":"2025-09-19T12:48:45","slug":"topaze-100-ml-parfum-deinterieur-vaporisateur","status":"publish","type":"product","link":"https:\/\/murielughetto.com\/en\/product\/topaze-100-ml-parfum-deinterieur-vaporisateur\/","title":{"rendered":"Topaze"},"content":{"rendered":"<p>Le design de nos flacons, surmont\u00e9s de bouchons en bois de h\u00eatre teint\u00e9, s\u2019inscrit dans un style \u00e0 la fois pr\u00e9sent et discret.<br \/>\nLe parfum d\u2019int\u00e9rieur est le moyen id\u00e9al pour parfumer instantan\u00e9ment votre espace.<br \/>\nNous vous conseillons \u00e9galement de l\u2019utiliser pour r\u00e9activer vos Scented Rolling Stones.<\/p>\n<p>H 14cm \/ DIA 4,5cm<\/p>","protected":false},"excerpt":{"rendered":"<p>Spicy, reseny notes, a smooth and luxury fragrance<\/p>","protected":false},"featured_media":43777,"template":"","meta":{"_acf_changed":false},"product_brand":[],"product_cat":[912,893,903,883,920],"product_tag":[],"class_list":{"0":"post-35579","1":"product","2":"type-product","3":"status-publish","4":"has-post-thumbnail","6":"product_cat-recharges","7":"product_cat-recharges-accessoires-parfum","8":"product_cat-scented-rolling-stones-recharge","9":"product_cat-sprays-parfum-dinterieur","10":"product_cat-topaze","12":"first","13":"instock","14":"taxable","15":"shipping-taxable","16":"purchasable","17":"product-type-simple"},"acf":[],"_links":{"self":[{"href":"https:\/\/murielughetto.com\/en\/wp-json\/wp\/v2\/product\/35579","targetHints":{"allow":["GET"]}}],"collection":[{"href":"https:\/\/murielughetto.com\/en\/wp-json\/wp\/v2\/product"}],"about":[{"href":"https:\/\/murielughetto.com\/en\/wp-json\/wp\/v2\/types\/product"}],"wp:featuredmedia":[{"embeddable":true,"href":"https:\/\/murielughetto.com\/en\/wp-json\/wp\/v2\/media\/43777"}],"wp:attachment":[{"href":"https:\/\/murielughetto.com\/en\/wp-json\/wp\/v2\/media?parent=35579"}],"wp:term":[{"taxonomy":"product_brand","embeddable":true,"href":"https:\/\/murielughetto.com\/en\/wp-json\/wp\/v2\/product_brand?post=35579"},{"taxonomy":"product_cat","embeddable":true,"href":"https:\/\/murielughetto.com\/en\/wp-json\/wp\/v2\/product_cat?post=35579"},{"taxonomy":"product_tag","embeddable":true,"href":"https:\/\/murielughetto.com\/en\/wp-json\/wp\/v2\/product_tag?post=35579"}],"curies":[{"name":"wp","href":"https:\/\/api.w.org\/{rel}","templated":true}]}}