{"id":35575,"date":"2025-03-28T18:30:32","date_gmt":"2025-03-28T17:30:32","guid":{"rendered":"https:\/\/murielughetto.com\/?post_type=product&#038;p=35575"},"modified":"2025-09-27T10:58:50","modified_gmt":"2025-09-27T08:58:50","slug":"jade-50-ml-parfum-deinterieur-vaporisateur","status":"publish","type":"product","link":"https:\/\/murielughetto.com\/en\/product\/jade-50-ml-parfum-deinterieur-vaporisateur\/","title":{"rendered":"Jade"},"content":{"rendered":"<p>Le design de nos flacons, surmont\u00e9s de bouchons en bois de h\u00eatre teint\u00e9, s\u2019inscrit dans un style \u00e0 la fois pr\u00e9sent et discret.<br \/>\nLe parfum d\u2019int\u00e9rieur est le moyen id\u00e9al pour parfumer instantan\u00e9ment votre espace.<br \/>\nNous vous conseillons \u00e9galement de l\u2019utiliser pour r\u00e9activer vos Scented Rolling Stones.<\/p>\n<p>H 11cm \/ DIA 4cm<\/p>","protected":false},"excerpt":{"rendered":"<p>Floral and woody notes, an opulent and mystical fragrance<\/p>","protected":false},"featured_media":43878,"template":"","meta":{"_acf_changed":false},"product_brand":[],"product_cat":[965,922,912,893,903,883],"product_tag":[],"class_list":{"0":"post-35575","1":"product","2":"type-product","3":"status-publish","4":"has-post-thumbnail","6":"product_cat-ac2","7":"product_cat-jade","8":"product_cat-recharges","9":"product_cat-recharges-accessoires-parfum","10":"product_cat-scented-rolling-stones-recharge","11":"product_cat-sprays-parfum-dinterieur","13":"first","14":"instock","15":"taxable","16":"shipping-taxable","17":"purchasable","18":"product-type-simple"},"acf":[],"_links":{"self":[{"href":"https:\/\/murielughetto.com\/en\/wp-json\/wp\/v2\/product\/35575","targetHints":{"allow":["GET"]}}],"collection":[{"href":"https:\/\/murielughetto.com\/en\/wp-json\/wp\/v2\/product"}],"about":[{"href":"https:\/\/murielughetto.com\/en\/wp-json\/wp\/v2\/types\/product"}],"wp:featuredmedia":[{"embeddable":true,"href":"https:\/\/murielughetto.com\/en\/wp-json\/wp\/v2\/media\/43878"}],"wp:attachment":[{"href":"https:\/\/murielughetto.com\/en\/wp-json\/wp\/v2\/media?parent=35575"}],"wp:term":[{"taxonomy":"product_brand","embeddable":true,"href":"https:\/\/murielughetto.com\/en\/wp-json\/wp\/v2\/product_brand?post=35575"},{"taxonomy":"product_cat","embeddable":true,"href":"https:\/\/murielughetto.com\/en\/wp-json\/wp\/v2\/product_cat?post=35575"},{"taxonomy":"product_tag","embeddable":true,"href":"https:\/\/murielughetto.com\/en\/wp-json\/wp\/v2\/product_tag?post=35575"}],"curies":[{"name":"wp","href":"https:\/\/api.w.org\/{rel}","templated":true}]}}