{"id":35570,"date":"2025-03-28T18:30:25","date_gmt":"2025-03-28T17:30:25","guid":{"rendered":"https:\/\/murielughetto.com\/?post_type=product&#038;p=35570"},"modified":"2025-11-18T11:21:18","modified_gmt":"2025-11-18T10:21:18","slug":"onyx-100-ml-parfum-deinterieur-vaporisateur","status":"publish","type":"product","link":"https:\/\/murielughetto.com\/en\/product\/onyx-100-ml-parfum-deinterieur-vaporisateur\/","title":{"rendered":"Onyx"},"content":{"rendered":"<p>Le design de nos flacons, surmont\u00e9s de bouchons en bois de h\u00eatre teint\u00e9, s\u2019inscrit dans un style \u00e0 la fois pr\u00e9sent et discret.<br \/>\nLe parfum d\u2019int\u00e9rieur est le moyen id\u00e9al pour parfumer instantan\u00e9ment votre espace.<br \/>\nNous vous conseillons \u00e9galement de l\u2019utiliser pour r\u00e9activer vos Scented Rolling Stones.<\/p>\n<p>H 17cm \/ DIA 4,5cm<\/p>","protected":false},"excerpt":{"rendered":"<p>A mysterious, captivating  fragrance with notes of balsam and wood.<\/p>","protected":false},"featured_media":43578,"template":"","meta":{"_acf_changed":false},"product_brand":[],"product_cat":[914,912,893,903,883],"product_tag":[],"class_list":{"0":"post-35570","1":"product","2":"type-product","3":"status-publish","4":"has-post-thumbnail","6":"product_cat-onyx","7":"product_cat-recharges","8":"product_cat-recharges-accessoires-parfum","9":"product_cat-scented-rolling-stones-recharge","10":"product_cat-sprays-parfum-dinterieur","12":"first","13":"instock","14":"taxable","15":"shipping-taxable","16":"purchasable","17":"product-type-simple"},"acf":[],"_links":{"self":[{"href":"https:\/\/murielughetto.com\/en\/wp-json\/wp\/v2\/product\/35570","targetHints":{"allow":["GET"]}}],"collection":[{"href":"https:\/\/murielughetto.com\/en\/wp-json\/wp\/v2\/product"}],"about":[{"href":"https:\/\/murielughetto.com\/en\/wp-json\/wp\/v2\/types\/product"}],"wp:featuredmedia":[{"embeddable":true,"href":"https:\/\/murielughetto.com\/en\/wp-json\/wp\/v2\/media\/43578"}],"wp:attachment":[{"href":"https:\/\/murielughetto.com\/en\/wp-json\/wp\/v2\/media?parent=35570"}],"wp:term":[{"taxonomy":"product_brand","embeddable":true,"href":"https:\/\/murielughetto.com\/en\/wp-json\/wp\/v2\/product_brand?post=35570"},{"taxonomy":"product_cat","embeddable":true,"href":"https:\/\/murielughetto.com\/en\/wp-json\/wp\/v2\/product_cat?post=35570"},{"taxonomy":"product_tag","embeddable":true,"href":"https:\/\/murielughetto.com\/en\/wp-json\/wp\/v2\/product_tag?post=35570"}],"curies":[{"name":"wp","href":"https:\/\/api.w.org\/{rel}","templated":true}]}}