{"id":35566,"date":"2025-03-28T18:30:25","date_gmt":"2025-03-28T17:30:25","guid":{"rendered":"https:\/\/murielughetto.com\/?post_type=product&#038;p=35566"},"modified":"2025-11-18T11:29:50","modified_gmt":"2025-11-18T10:29:50","slug":"betons-diffuseur-de-parfum-noir-boete-de-18-betons-en-3-hauteurs-differentes","status":"publish","type":"product","link":"https:\/\/murielughetto.com\/en\/product\/betons-diffuseur-de-parfum-noir-boete-de-18-betons-en-3-hauteurs-differentes\/","title":{"rendered":"Diffuser Sticks"},"content":{"rendered":"<p>Cette bo\u00eete contient 18 b\u00e2tons en moelle de rotin naturel de 3 tailles diff\u00e9rentes (30, 40 et 50 cm).<br \/>\nCette quantit\u00e9 correspond \u00e0 3 cycles d\u2019utilisation de votre diffuseur.<br \/>\nLes b\u00e2tonnets peuvent s\u2019orner de nos bijoux, faits de plumes et de bois de h\u00eatre, ajoutant une dimension a\u00e9rienne et po\u00e9tique \u00e0 nos diffuseurs.<\/p>","protected":false},"excerpt":{"rendered":"<p>Black<\/p>","protected":false},"featured_media":56282,"template":"","meta":{"_acf_changed":false},"product_brand":[],"product_cat":[965,966,935,912,893],"product_tag":[],"class_list":{"0":"post-35566","1":"product","2":"type-product","3":"status-publish","4":"has-post-thumbnail","6":"product_cat-ac2","7":"product_cat-ac3","8":"product_cat-baton","9":"product_cat-recharges","10":"product_cat-recharges-accessoires-parfum","12":"first","13":"instock","14":"taxable","15":"shipping-taxable","16":"purchasable","17":"product-type-simple"},"acf":[],"_links":{"self":[{"href":"https:\/\/murielughetto.com\/en\/wp-json\/wp\/v2\/product\/35566","targetHints":{"allow":["GET"]}}],"collection":[{"href":"https:\/\/murielughetto.com\/en\/wp-json\/wp\/v2\/product"}],"about":[{"href":"https:\/\/murielughetto.com\/en\/wp-json\/wp\/v2\/types\/product"}],"wp:featuredmedia":[{"embeddable":true,"href":"https:\/\/murielughetto.com\/en\/wp-json\/wp\/v2\/media\/56282"}],"wp:attachment":[{"href":"https:\/\/murielughetto.com\/en\/wp-json\/wp\/v2\/media?parent=35566"}],"wp:term":[{"taxonomy":"product_brand","embeddable":true,"href":"https:\/\/murielughetto.com\/en\/wp-json\/wp\/v2\/product_brand?post=35566"},{"taxonomy":"product_cat","embeddable":true,"href":"https:\/\/murielughetto.com\/en\/wp-json\/wp\/v2\/product_cat?post=35566"},{"taxonomy":"product_tag","embeddable":true,"href":"https:\/\/murielughetto.com\/en\/wp-json\/wp\/v2\/product_tag?post=35566"}],"curies":[{"name":"wp","href":"https:\/\/api.w.org\/{rel}","templated":true}]}}