{"id":35564,"date":"2025-03-28T18:30:25","date_gmt":"2025-03-28T17:30:25","guid":{"rendered":"https:\/\/murielughetto.com\/?post_type=product&#038;p=35564"},"modified":"2025-05-07T13:27:05","modified_gmt":"2025-05-07T11:27:05","slug":"quartz-500-ml-diffuseur-de-parfum-deinterieur","status":"publish","type":"product","link":"https:\/\/murielughetto.com\/en\/product\/quartz-500-ml-diffuseur-de-parfum-deinterieur\/","title":{"rendered":"Quartz"},"content":{"rendered":"<p>The fragrance diffusers have a resolutely minimalist design to fit in with any style of interior.<br \/>\nLes flacons, surmont\u00e9s de bouchons de bois de h\u00eatre teint\u00e9, s\u2019inscrivent dans un style \u00e0 la fois pr\u00e9sent et discret.<br \/>\nThe perfume diffuser is the solution for continuously and deeply perfuming your home.<br \/>\nNous vous conseillons de judicieusement le dimensionner ou de le multiplier selon la taille de la pi\u00e8ce \u00e0 embaumer !<br \/>\nThis diffuser can be refilled ad infinitum (see our instructions for use).<br \/>\nHowever, if you wish to refill your diffuser without transferring, we invite you to discover our new XL diffuser.<br \/>\nFragrance sticks sold separately.<\/p>\n<p>H 17,5cm \/ DIA 8cm<\/p>","protected":false},"excerpt":{"rendered":"<p>Powdery, musky and floral notes, a tender and delicate perfume.<\/p>","protected":false},"featured_media":43701,"template":"","meta":{"_acf_changed":false},"product_brand":[],"product_cat":[879,916],"product_tag":[],"class_list":{"0":"post-35564","1":"product","2":"type-product","3":"status-publish","4":"has-post-thumbnail","6":"product_cat-diffuseurs","7":"product_cat-quartz","9":"first","10":"instock","11":"taxable","12":"shipping-taxable","13":"purchasable","14":"product-type-simple"},"acf":[],"_links":{"self":[{"href":"https:\/\/murielughetto.com\/en\/wp-json\/wp\/v2\/product\/35564","targetHints":{"allow":["GET"]}}],"collection":[{"href":"https:\/\/murielughetto.com\/en\/wp-json\/wp\/v2\/product"}],"about":[{"href":"https:\/\/murielughetto.com\/en\/wp-json\/wp\/v2\/types\/product"}],"wp:featuredmedia":[{"embeddable":true,"href":"https:\/\/murielughetto.com\/en\/wp-json\/wp\/v2\/media\/43701"}],"wp:attachment":[{"href":"https:\/\/murielughetto.com\/en\/wp-json\/wp\/v2\/media?parent=35564"}],"wp:term":[{"taxonomy":"product_brand","embeddable":true,"href":"https:\/\/murielughetto.com\/en\/wp-json\/wp\/v2\/product_brand?post=35564"},{"taxonomy":"product_cat","embeddable":true,"href":"https:\/\/murielughetto.com\/en\/wp-json\/wp\/v2\/product_cat?post=35564"},{"taxonomy":"product_tag","embeddable":true,"href":"https:\/\/murielughetto.com\/en\/wp-json\/wp\/v2\/product_tag?post=35564"}],"curies":[{"name":"wp","href":"https:\/\/api.w.org\/{rel}","templated":true}]}}