{"id":28300,"date":"2025-03-28T18:30:19","date_gmt":"2025-03-28T17:30:19","guid":{"rendered":"https:\/\/murielughetto.com\/2023\/?post_type=product&#038;p=28300"},"modified":"2025-09-27T10:59:13","modified_gmt":"2025-09-27T08:59:13","slug":"jade-140-g-bougie-parfume","status":"publish","type":"product","link":"https:\/\/murielughetto.com\/en\/product\/jade-140-g-bougie-parfume\/","title":{"rendered":"Jade"},"content":{"rendered":"<p>Nos bougies se parent d\u2019un \u00e9l\u00e9gant flacon de verre laqu\u00e9 surmont\u00e9 d\u2019un chapeau de bois de h\u00eatre qui, une fois retourn\u00e9, lui servira de support.<br \/>\nLa bougie est le meilleur moyen de parfumer \u00e0 la fois de mani\u00e8re d\u00e9licate et efficace et ce durant toute sa dur\u00e9e de combustion.<br \/>\nLes contenants ont \u00e9t\u00e9 imagin\u00e9s pour vous permettre de leur offrir une seconde vie.<br \/>\nN\u2019h\u00e9sitez pas, apr\u00e8s utilisation, \u00e0 les convertir en vide-poches, bo\u00eetes \u00e0 \u00e9pices, bo\u00eetes \u00e0 bonbons ou toute autre destination au gr\u00e9 de votre imagination\u2026<\/p>\n<p>H 9,5cm \/ DIA 9cm<\/p>","protected":false},"excerpt":{"rendered":"<p>Floral and woody notes, an opulent and mystical fragrance<\/p>","protected":false},"featured_media":43900,"template":"","meta":{"_acf_changed":false},"product_brand":[],"product_cat":[965,887,922],"product_tag":[],"class_list":{"0":"post-28300","1":"product","2":"type-product","3":"status-publish","4":"has-post-thumbnail","6":"product_cat-ac2","7":"product_cat-bougies-classiques","8":"product_cat-jade","10":"first","11":"instock","12":"taxable","13":"shipping-taxable","14":"purchasable","15":"product-type-simple"},"acf":[],"_links":{"self":[{"href":"https:\/\/murielughetto.com\/en\/wp-json\/wp\/v2\/product\/28300","targetHints":{"allow":["GET"]}}],"collection":[{"href":"https:\/\/murielughetto.com\/en\/wp-json\/wp\/v2\/product"}],"about":[{"href":"https:\/\/murielughetto.com\/en\/wp-json\/wp\/v2\/types\/product"}],"wp:featuredmedia":[{"embeddable":true,"href":"https:\/\/murielughetto.com\/en\/wp-json\/wp\/v2\/media\/43900"}],"wp:attachment":[{"href":"https:\/\/murielughetto.com\/en\/wp-json\/wp\/v2\/media?parent=28300"}],"wp:term":[{"taxonomy":"product_brand","embeddable":true,"href":"https:\/\/murielughetto.com\/en\/wp-json\/wp\/v2\/product_brand?post=28300"},{"taxonomy":"product_cat","embeddable":true,"href":"https:\/\/murielughetto.com\/en\/wp-json\/wp\/v2\/product_cat?post=28300"},{"taxonomy":"product_tag","embeddable":true,"href":"https:\/\/murielughetto.com\/en\/wp-json\/wp\/v2\/product_tag?post=28300"}],"curies":[{"name":"wp","href":"https:\/\/api.w.org\/{rel}","templated":true}]}}