{"id":5591,"date":"2023-02-17T08:59:20","date_gmt":"2023-02-17T07:59:20","guid":{"rendered":"https:\/\/murielughetto.com\/2023\/?page_id=5591"},"modified":"2025-05-07T18:11:54","modified_gmt":"2025-05-07T16:11:54","slug":"conception","status":"publish","type":"page","link":"https:\/\/murielughetto.com\/en\/luminaire-projet\/workshop\/conception\/","title":{"rendered":"Conception"},"content":{"rendered":"<div data-elementor-type=\"wp-page\" data-elementor-id=\"5591\" class=\"elementor elementor-5591\" data-elementor-post-type=\"page\">\n\t\t\t\t<div class=\"elementor-element elementor-element-7fdee7f e-flex e-con-boxed e-con e-parent\" data-id=\"7fdee7f\" data-element_type=\"container\" data-e-type=\"container\">\n\t\t\t\t\t<div class=\"e-con-inner\">\n\t\t\t\t<div class=\"elementor-element elementor-element-d060121 elementor-widget elementor-widget-heading\" data-id=\"d060121\" data-element_type=\"widget\" data-e-type=\"widget\" data-widget_type=\"heading.default\">\n\t\t\t\t<div class=\"elementor-widget-container\">\n\t\t\t\t\t<h3 class=\"elementor-heading-title elementor-size-default\">FROM DREAM TO REALIZATION<\/h3>\t\t\t\t<\/div>\n\t\t\t\t<\/div>\n\t\t\t\t<div class=\"elementor-element elementor-element-eacc42e elementor-widget elementor-widget-text-editor\" data-id=\"eacc42e\" data-element_type=\"widget\" data-e-type=\"widget\" data-widget_type=\"text-editor.default\">\n\t\t\t\t<div class=\"elementor-widget-container\">\n\t\t\t\t\t\t\t\t\t<p class=\"translation-block\">It is so difficult to describe the creative process.<br>\nThere is inspiration, but there are also influences, trends.<br>\nThen there are the confrontations with technical realities.<br>\nBut above all, strive for fair and equitable designs, with respect for the environment.<\/p>\t\t\t\t\t\t\t\t<\/div>\n\t\t\t\t<\/div>\n\t\t\t\t<div class=\"elementor-element elementor-element-24b228d elementor-widget elementor-widget-html\" data-id=\"24b228d\" data-element_type=\"widget\" data-e-type=\"widget\" data-widget_type=\"html.default\">\n\t\t\t\t<div class=\"elementor-widget-container\">\n\t\t\t\t\t<video autoplay loop muted playsinline\n src=\"https:\/\/murielughetto.com\/wp-content\/uploads\/L-INSPIRATION.mp4\" type=\"video\/mp4\">\n<\/video>\t\t\t\t<\/div>\n\t\t\t\t<\/div>\n\t\t\t\t\t<\/div>\n\t\t\t\t<\/div>\n\t\t\t\t<\/div>","protected":false},"excerpt":{"rendered":"<p>La conception, du r\u00eave \u00e0 la r\u00e9alisation Il est tellement difficile de d\u00e9crire le processus cr\u00e9atif.Il y a l&rsquo;inspiration, mais il y a aussi les influences, les tendances.Puis, il y a les confrontations aux r\u00e9alit\u00e9s techniques.Mais au-del\u00e0 de tout, tendre \u00e0 des conceptions justes et \u00e9quitables, dans le respect de l&rsquo;environnement.<\/p>","protected":false},"author":1,"featured_media":0,"parent":22,"menu_order":0,"comment_status":"closed","ping_status":"closed","template":"","meta":{"_acf_changed":false,"footnotes":""},"class_list":["post-5591","page","type-page","status-publish","hentry"],"acf":[],"_links":{"self":[{"href":"https:\/\/murielughetto.com\/en\/wp-json\/wp\/v2\/pages\/5591","targetHints":{"allow":["GET"]}}],"collection":[{"href":"https:\/\/murielughetto.com\/en\/wp-json\/wp\/v2\/pages"}],"about":[{"href":"https:\/\/murielughetto.com\/en\/wp-json\/wp\/v2\/types\/page"}],"author":[{"embeddable":true,"href":"https:\/\/murielughetto.com\/en\/wp-json\/wp\/v2\/users\/1"}],"replies":[{"embeddable":true,"href":"https:\/\/murielughetto.com\/en\/wp-json\/wp\/v2\/comments?post=5591"}],"version-history":[{"count":0,"href":"https:\/\/murielughetto.com\/en\/wp-json\/wp\/v2\/pages\/5591\/revisions"}],"up":[{"embeddable":true,"href":"https:\/\/murielughetto.com\/en\/wp-json\/wp\/v2\/pages\/22"}],"wp:attachment":[{"href":"https:\/\/murielughetto.com\/en\/wp-json\/wp\/v2\/media?parent=5591"}],"curies":[{"name":"wp","href":"https:\/\/api.w.org\/{rel}","templated":true}]}}