{"id":5353,"date":"2023-02-16T13:19:09","date_gmt":"2023-02-16T12:19:09","guid":{"rendered":"https:\/\/murielughetto.com\/2023\/?page_id=5353"},"modified":"2026-01-05T15:35:20","modified_gmt":"2026-01-05T14:35:20","slug":"mentions-legales","status":"publish","type":"page","link":"https:\/\/murielughetto.com\/en\/parfum-objet\/mentions-legales\/","title":{"rendered":"Mentions legales"},"content":{"rendered":"<div data-elementor-type=\"wp-page\" data-elementor-id=\"5353\" class=\"elementor elementor-5353\" data-elementor-post-type=\"page\">\n\t\t\t\t\t\t<section class=\"elementor-section elementor-top-section elementor-element elementor-element-22e01ab elementor-section-boxed elementor-section-height-default elementor-section-height-default\" data-id=\"22e01ab\" data-element_type=\"section\" data-e-type=\"section\">\n\t\t\t\t\t\t<div class=\"elementor-container elementor-column-gap-no\">\n\t\t\t\t\t<div class=\"elementor-column elementor-col-100 elementor-top-column elementor-element elementor-element-c7eff11\" data-id=\"c7eff11\" data-element_type=\"column\" data-e-type=\"column\">\n\t\t\t<div class=\"elementor-widget-wrap elementor-element-populated\">\n\t\t\t\t\t\t<div class=\"elementor-element elementor-element-d75e3c6 elementor-widget elementor-widget-text-editor\" data-id=\"d75e3c6\" data-element_type=\"widget\" data-e-type=\"widget\" data-widget_type=\"text-editor.default\">\n\t\t\t\t<div class=\"elementor-widget-container\">\n\t\t\t\t\t\t\t\t\t<p style=\"text-align: center;\">LEGAL NOTICES<\/p>\t\t\t\t\t\t\t\t<\/div>\n\t\t\t\t<\/div>\n\t\t\t\t<div class=\"elementor-element elementor-element-c1110da elementor-widget elementor-widget-text-editor\" data-id=\"c1110da\" data-element_type=\"widget\" data-e-type=\"widget\" data-widget_type=\"text-editor.default\">\n\t\t\t\t<div class=\"elementor-widget-container\">\n\t\t\t\t\t\t\t\t\t<p>Les informations et mentions ci-dessous sont communiqu\u00e9es en application de la loi n\u00b0 2004-575 du 21 juin 2004 sur la confiance dans l\u2019\u00e9conomie num\u00e9rique et concernent le site internet accessible \u00e0 l\u2019adresse <span style=\"text-decoration: underline;\"><a href=\"https:\/\/murielughetto.com\/en\/\">www.murielughetto.com<\/a><\/span>.<\/p><p>1. IDENTIFICATION<br \/>2. MODIFICATIONS TO THE SITE<br \/>3. INTELLECTUAL PROPERTY<br \/>4. PROTECTION OF PERSONAL DATA<br \/>5. WARRANTIES AND LIMITATION OF LIABILITY<br \/>6. APPLICABLE LAW AND JURISDICTION<\/p>\t\t\t\t\t\t\t\t<\/div>\n\t\t\t\t<\/div>\n\t\t\t\t<div class=\"elementor-element elementor-element-450dc2a elementor-widget elementor-widget-heading\" data-id=\"450dc2a\" data-element_type=\"widget\" data-e-type=\"widget\" data-widget_type=\"heading.default\">\n\t\t\t\t<div class=\"elementor-widget-container\">\n\t\t\t\t\t<h1 class=\"elementor-heading-title elementor-size-default\">ARTICLE 1: IDENTIFICATION<\/h1>\t\t\t\t<\/div>\n\t\t\t\t<\/div>\n\t\t\t\t<div class=\"elementor-element elementor-element-1849433 elementor-widget elementor-widget-text-editor\" data-id=\"1849433\" data-element_type=\"widget\" data-e-type=\"widget\" data-widget_type=\"text-editor.default\">\n\t\t\t\t<div class=\"elementor-widget-container\">\n\t\t\t\t\t\t\t\t\t<p>Site URL: www.murielughetto.com<br \/>- Site editor :<br \/>La soci\u00e9t\u00e9 SAS SO WHAT au capital social de 308 000 euros, immatricul\u00e9e au Registre du Commerce et des Soci\u00e9t\u00e9s de CANNES sous le num\u00e9ro <br \/>432 281 046 R.C.S., dont le si\u00e8ge social est situ\u00e9 45 All\u00e9e des Ormes \u2013 06250 Mougins et ayant pour nom commercial \u00ab MURIEL UGHETTO\u00bb.<br \/>Repr\u00e9sentant l\u00e9gal : Madame UGHETTO Muriel, pr\u00e9sidente<br \/>TVA intracommunautaire : FR 014 322 810 46<br \/>Adresse \u00e9lectronique : <span style=\"text-decoration: underline;\"><a href=\"mailto:info@murielughetto.com\">info@murielughetto.com<\/a><\/span><br \/>Adresse postale: 45 All\u00e9e des Ormes 06250 Mougins<br \/>&#8211; Directeur de publication: So What SAS<br \/>&#8211; H\u00e9bergeur du Site:<br \/>Le site est h\u00e9berg\u00e9 par la soci\u00e9t\u00e9 TAS France, SAS au capital de 500.000 \u20ac, immatricul\u00e9e au registre du commerce et des soci\u00e9t\u00e9s sous le num\u00e9ro <br \/>382 525 541, code APE 6311Z<br \/>Adresse du si\u00e8ge : WTC1-K, 1300 route des Cr\u00eates, 06560 VALBONNE, France<\/p>\t\t\t\t\t\t\t\t<\/div>\n\t\t\t\t<\/div>\n\t\t\t\t<div class=\"elementor-element elementor-element-94e5ff9 elementor-widget elementor-widget-heading\" data-id=\"94e5ff9\" data-element_type=\"widget\" data-e-type=\"widget\" data-widget_type=\"heading.default\">\n\t\t\t\t<div class=\"elementor-widget-container\">\n\t\t\t\t\t<h2 class=\"elementor-heading-title elementor-size-default\">ARTICLE 2: CHANGES TO THE SITE<\/h2>\t\t\t\t<\/div>\n\t\t\t\t<\/div>\n\t\t\t\t<div class=\"elementor-element elementor-element-49ca2d8 elementor-widget elementor-widget-text-editor\" data-id=\"49ca2d8\" data-element_type=\"widget\" data-e-type=\"widget\" data-widget_type=\"text-editor.default\">\n\t\t\t\t<div class=\"elementor-widget-container\">\n\t\t\t\t\t\t\t\t\t<p>La soci\u00e9t\u00e9 SO WHAT peut, \u00e0 tout moment et sans pr\u00e9avis, ajouter, modifier ou supprimer tout ou partie du contenu du Site Internet.<\/p>\t\t\t\t\t\t\t\t<\/div>\n\t\t\t\t<\/div>\n\t\t\t\t<div class=\"elementor-element elementor-element-324f19d elementor-widget elementor-widget-heading\" data-id=\"324f19d\" data-element_type=\"widget\" data-e-type=\"widget\" data-widget_type=\"heading.default\">\n\t\t\t\t<div class=\"elementor-widget-container\">\n\t\t\t\t\t<h2 class=\"elementor-heading-title elementor-size-default\">ARTICLE 3 : PROPRI\u00c9T\u00c9 INTELLECTUELLE<\/h2>\t\t\t\t<\/div>\n\t\t\t\t<\/div>\n\t\t\t\t<div class=\"elementor-element elementor-element-60583e3 elementor-widget elementor-widget-text-editor\" data-id=\"60583e3\" data-element_type=\"widget\" data-e-type=\"widget\" data-widget_type=\"text-editor.default\">\n\t\t\t\t<div class=\"elementor-widget-container\">\n\t\t\t\t\t\t\t\t\t<p>The Website and its content (including, in particular, the products presented on the Website, the brand, the logo, the domain name, the graphics, the photographs, the videos and, more generally, all the elements presented, whether animated or not) are the exclusive property of SO WHAT and its partners and are protected by copyright and trademark law.<br \/>Any reproduction or use of the aforementioned elements presented on the Website is strictly prohibited and will expose the offender to legal proceedings.<\/p>\t\t\t\t\t\t\t\t<\/div>\n\t\t\t\t<\/div>\n\t\t\t\t<div class=\"elementor-element elementor-element-e6f2e56 elementor-widget elementor-widget-heading\" data-id=\"e6f2e56\" data-element_type=\"widget\" data-e-type=\"widget\" data-widget_type=\"heading.default\">\n\t\t\t\t<div class=\"elementor-widget-container\">\n\t\t\t\t\t<h2 class=\"elementor-heading-title elementor-size-default\">ARTICLE 4. LIENS HYPERTEXTES<\/h2>\t\t\t\t<\/div>\n\t\t\t\t<\/div>\n\t\t\t\t<div class=\"elementor-element elementor-element-d5143cb elementor-widget elementor-widget-text-editor\" data-id=\"d5143cb\" data-element_type=\"widget\" data-e-type=\"widget\" data-widget_type=\"text-editor.default\">\n\t\t\t\t<div class=\"elementor-widget-container\">\n\t\t\t\t\t\t\t\t\t<p class=\"translation-block\">SO WHAT d\u00e9cline toute responsabilit\u00e9 quant au contenu des sites r\u00e9f\u00e9renc\u00e9s sur le Site et quant aux informations fournies par des tiers.<br>SO WHAT n\u2019exerce aucun contr\u00f4le sur ces liens hypertextes et\/ou autres formats promotionnels.<br>Par cons\u00e9quent, ne donne aucune garantie concernant notamment :<br>\u2013 La v\u00e9racit\u00e9, la qualit\u00e9, la compl\u00e9tude et l\u2019exhaustivit\u00e9 du contenu des sites internet index\u00e9s<br>\u2013 Les difficult\u00e9s d\u2019acc\u00e8s et de fonctionnement des sites internet index\u00e9s ; et elle ne pourra en aucun cas \u00eatre tenue pour responsable dans le cadre d\u2019un litige survenant entre un site internet index\u00e9 sur le Site et un des visiteurs notamment en raison des pertes ou des dommages subis, les exploitants des sites internet index\u00e9s \u00e9tant seuls responsables du contenu de leur site.<\/p>\t\t\t\t\t\t\t\t<\/div>\n\t\t\t\t<\/div>\n\t\t\t\t<div class=\"elementor-element elementor-element-de62cba elementor-widget elementor-widget-heading\" data-id=\"de62cba\" data-element_type=\"widget\" data-e-type=\"widget\" data-widget_type=\"heading.default\">\n\t\t\t\t<div class=\"elementor-widget-container\">\n\t\t\t\t\t<h2 class=\"elementor-heading-title elementor-size-default\">ARTICLE 5. PROTECTION DES DONNEES PERSONNELLES<\/h2>\t\t\t\t<\/div>\n\t\t\t\t<\/div>\n\t\t\t\t<div class=\"elementor-element elementor-element-353b4c7 elementor-widget elementor-widget-text-editor\" data-id=\"353b4c7\" data-element_type=\"widget\" data-e-type=\"widget\" data-widget_type=\"text-editor.default\">\n\t\t\t\t<div class=\"elementor-widget-container\">\n\t\t\t\t\t\t\t\t\t<p class=\"translation-block\">Les donn\u00e9es nominatives fournies lors de votre commande sont n\u00e9cessaires au traitement des commandes et \u00e0 l\u2019\u00e9tablissement des factures. Elles ne peuvent \u00eatre communiqu\u00e9es qu\u2019aux partenaires de la soci\u00e9t\u00e9 SO WHAT en charge de l\u2019ex\u00e9cution, du traitement, de la gestion et du paiement des commandes.<br>La soci\u00e9t\u00e9 SO WHAT vous informe \u00e9galement que les donn\u00e9es personnelles collect\u00e9es sur le Site Internet seront utilis\u00e9es par ses services internes pour vous informer des nouveaut\u00e9s et \u00e9v\u00e8nements \u00e0 venir, par l\u2019envoi de courriers \u00e9lectroniques d\u2019information.<br>Vous disposez d\u2019un droit d\u2019acc\u00e8s permanent, de modification, de rectification et d\u2019opposition s\u2019agissant des informations vous concernant.<br>Vous pouvez exercer ce droit par courrier en \u00e9crivant \u00e0 la soci\u00e9t\u00e9 SO WHAT, 45 All\u00e9e des Ormes \u2013 06250 Mougins ou par mail \u00e0 <span style=\"text-decoration: underline\"><a href=\"mailto:info@murielughetto.com\" target=\"_self\">info@murielughetto.com<\/a><\/span><\/p>\t\t\t\t\t\t\t\t<\/div>\n\t\t\t\t<\/div>\n\t\t\t\t<div class=\"elementor-element elementor-element-57ae1b7 elementor-widget elementor-widget-heading\" data-id=\"57ae1b7\" data-element_type=\"widget\" data-e-type=\"widget\" data-widget_type=\"heading.default\">\n\t\t\t\t<div class=\"elementor-widget-container\">\n\t\t\t\t\t<h2 class=\"elementor-heading-title elementor-size-default\">ARTICLE 6. GESTION DES COOKIES<\/h2>\t\t\t\t<\/div>\n\t\t\t\t<\/div>\n\t\t\t\t<div class=\"elementor-element elementor-element-4fc3a45 elementor-widget elementor-widget-text-editor\" data-id=\"4fc3a45\" data-element_type=\"widget\" data-e-type=\"widget\" data-widget_type=\"text-editor.default\">\n\t\t\t\t<div class=\"elementor-widget-container\">\n\t\t\t\t\t\t\t\t\t<p class=\"translation-block\">\u2013 POLITIQUE DE COOKIES<br>Un cookie est un petit fichier, stock\u00e9 sur le disque dur d\u2019un utilisateur par le site Web. Son but est de recueillir des donn\u00e9es relatives aux habitudes de navigation de l\u2019utilisateur.<br>Nous utilisons les types de cookies suivant sur notre site<\/p><p class=\"translation-block\">\u2013 COOKIES FONCTIONNELS<br>Nous les utilisons pour m\u00e9moriser toutes les s\u00e9lections que vous faites sur notre site afin qu\u2019elles soient sauvegard\u00e9es pour vos prochaines visites.<br>\u2013 COOKIES DE MESURE D\u2019AUDIENCE<br>Afin de mieux vous servir et d\u2019am\u00e9liorer l\u2019exp\u00e9rience utilisateur sur notre site, nous mesurons son audience gr\u00e2ce \u00e0 une solution utilisant la technologie des cookies. Les donn\u00e9es collect\u00e9es permettent de fournir uniquement des donn\u00e9es statistiques de fr\u00e9quentation (le nombre de pages vues, le nombre de visites, leur fr\u00e9quence de retour,\u2026). Vous pouvez choisir d\u2019\u00eatre averti chaque fois qu\u2019un cookie est transmis. Vous pouvez \u00e9galement choisir de d\u00e9sactiver les cookies enti\u00e8rement dans votre navigateur Internet, mais cela peut diminuer la qualit\u00e9 de votre exp\u00e9rience d\u2019utilisation.<br>\u2013 COOKIES TIERS<br>Nous pouvons utiliser des cookies tiers sur notre site pour atteindre les objectifs suivants :<br>a. Surveiller les pr\u00e9f\u00e9rences des utilisateurs pour adapter les publicit\u00e9s autour de leurs int\u00e9r\u00eats. Les Cookies tiers sont destin\u00e9s \u00e0 am\u00e9liorer l\u2019interactivit\u00e9 du site. Le site de So What s\u2019appuie potentiellement sur certains services propos\u00e9s par des sites tiers. Il s\u2019agit notamment :<br>b. Des boutons de partage (Facebook, Instagram, TikTok, et tout autre r\u00e9seau social)<br>c. Des vid\u00e9os diffus\u00e9es sur le site (YouTube et tout autre site capable de diffuser des vid\u00e9os) Ces fonctionnalit\u00e9s utilisent des cookies tiers directement d\u00e9pos\u00e9s par ces services. Lors de votre premi\u00e8re visite sur murielughetto.com, un bandeau vous informe de la pr\u00e9sence de ces cookies et vous invite \u00e0 indiquer votre choix. Ils ne sont d\u00e9pos\u00e9s que si vous les acceptez. Vous pouvez \u00e0 tout moment vous informer et param\u00e9trer vos cookies pour les accepter ou les refuser en vous rendant sur la page Gestion des cookies. Vous pourrez indiquer votre r\u00e9f\u00e9rence soit globalement pour le site, soit service par service.<br>\u2013 DUR\u00c9E DE CONSERVATION DES COOKIES<br>Conform\u00e9ment aux recommandations de la CNIL, la dur\u00e9e maximale de conservation des cookies est de 13 mois au maximum apr\u00e8s leur premier d\u00e9p\u00f4t dans le terminal de l\u2019Utilisateur, tout comme la dur\u00e9e de la validit\u00e9 du consentement de l\u2019Utilisateur \u00e0 l\u2019utilisation de ces cookies. La dur\u00e9e de vie des cookies n\u2019est pas prolong\u00e9e \u00e0 chaque visite. Le consentement de l\u2019Utilisateur devra donc \u00eatre renouvel\u00e9 \u00e0 l\u2019issue de ce d\u00e9lai.<\/p>\t\t\t\t\t\t\t\t<\/div>\n\t\t\t\t<\/div>\n\t\t\t\t<div class=\"elementor-element elementor-element-948f6d1 elementor-widget elementor-widget-heading\" data-id=\"948f6d1\" data-element_type=\"widget\" data-e-type=\"widget\" data-widget_type=\"heading.default\">\n\t\t\t\t<div class=\"elementor-widget-container\">\n\t\t\t\t\t<h2 class=\"elementor-heading-title elementor-size-default\">ARTICLE 7. GARANTIES ET LIMITATION DE RESPONSABILIT\u00c9<\/h2>\t\t\t\t<\/div>\n\t\t\t\t<\/div>\n\t\t\t\t<div class=\"elementor-element elementor-element-fe30921 elementor-widget elementor-widget-text-editor\" data-id=\"fe30921\" data-element_type=\"widget\" data-e-type=\"widget\" data-widget_type=\"text-editor.default\">\n\t\t\t\t<div class=\"elementor-widget-container\">\n\t\t\t\t\t\t\t\t\t<p class=\"translation-block\">La soci\u00e9t\u00e9 SO WHAT vous rappelle que nous nous effor\u00e7ons de repr\u00e9senter et reproduire les Produits aussi fid\u00e8lement que possible conform\u00e9ment aux proc\u00e9d\u00e9s photographiques et de publications disponibles. N\u00e9anmoins, compte tenu de la nature artisanale des Produits et des \u00e9tapes de leur fabrication manuelle, certaines variations peuvent exister entre la description du Produit et le Produit lui-m\u00eame, notamment pour ce qui concerne les dimensions indiqu\u00e9es et certaines couleurs qui peuvent varier, en particulier pour les Produits compos\u00e9s de mat\u00e9riaux naturels tels que le bois.<br>La soci\u00e9t\u00e9 SO WHAT ne peut donc pas garantir une exacte similitude entre les photographies du Produit et le Produit lui-m\u00eame, notamment pour ce qui concerne les couleurs, celle-ci d\u00e9pendant en partie de la qualit\u00e9 de rendu des couleurs de l\u2019\u00e9quipement informatique de chaque internaute.<br>Nous vous rappelons que les photographies illustrant les Produits ne constituent pas des documents contractuels.<br>Tout utilisateur du Site Internet s\u2019engage \u00e0 ne pas divulguer \u00e0 un tiers ses identifiants personnels relatifs au site tiergarten.co ainsi qu\u2019\u00e0 aviser sans d\u00e9lai la soci\u00e9t\u00e9 SO WHAT en cas de perte, vol ou d\u2019usage frauduleux de ses identifiants personnels.<br>En toute hypoth\u00e8se, la soci\u00e9t\u00e9 SO WHAT ne saurait \u00eatre tenu responsable en cas d\u2019acc\u00e8s au Site Internet ou d\u2019utilisation des services du Site Internet du fait de fraude, perte, vol ou communication des identifiants personnels.<br>De m\u00eame, le fait d\u2019acc\u00e9der au Site Internet implique l\u2019acceptation par l\u2019utilisateur des caract\u00e9ristiques particuli\u00e8res du r\u00e9seau Internet ainsi que des risques et al\u00e9as qui y sont associ\u00e9s (temps de r\u00e9ponse, risques li\u00e9s aux \u00e9changes d\u2019informations, piratage des donn\u00e9es, pr\u00e9sence de virus informatique, etc.). Il est rappel\u00e9 que le secret des correspondances n\u2019est pas garanti sur le r\u00e9seau Internet et qu\u2019il appartient \u00e0 chaque utilisateur de prendre toutes les mesures appropri\u00e9es de fa\u00e7on \u00e0 prot\u00e9ger ses propres donn\u00e9es et\/ou logiciels de la contamination d\u2019\u00e9ventuels virus circulant sur Internet.<br>Le Site Internet est susceptible de contenir des liens vers d\u2019autres sites internet qui demeurent hors du contr\u00f4le de la soci\u00e9t\u00e9 SO WHAT qui d\u00e9cline toute responsabilit\u00e9 en cas de non-respect des r\u00e8gles concernant la protection des donn\u00e9es ou le contenu de ces sites internet.<\/p>\t\t\t\t\t\t\t\t<\/div>\n\t\t\t\t<\/div>\n\t\t\t\t<div class=\"elementor-element elementor-element-fefd858 elementor-widget elementor-widget-heading\" data-id=\"fefd858\" data-element_type=\"widget\" data-e-type=\"widget\" data-widget_type=\"heading.default\">\n\t\t\t\t<div class=\"elementor-widget-container\">\n\t\t\t\t\t<h2 class=\"elementor-heading-title elementor-size-default\">ARTICLE 8. LOI APPLICABLE ET ATTRIBUTION DE JURIDICTION<\/h2>\t\t\t\t<\/div>\n\t\t\t\t<\/div>\n\t\t\t\t<div class=\"elementor-element elementor-element-7a4b160 elementor-widget elementor-widget-text-editor\" data-id=\"7a4b160\" data-element_type=\"widget\" data-e-type=\"widget\" data-widget_type=\"text-editor.default\">\n\t\t\t\t<div class=\"elementor-widget-container\">\n\t\t\t\t\t\t\t\t\t<p class=\"translation-block\">Les pr\u00e9sentes mentions sont \u00e9tablies et r\u00e9gies par le droit fran\u00e7ais.<br>Conform\u00e9ment \u00e0 l\u2019ordonnance n\u00b02015-1033 du 20 ao\u00fbt 2015 relative au r\u00e8glement extrajudiciaire des litiges de consommation entr\u00e9e en vigueur au 1er janvier 2016, le consommateur a le droit de recourir \u00e0 la m\u00e9diation pour r\u00e9gler par voie amiable le litige l\u2019opposant au vendeur professionnel.<br>En cas de litige, une r\u00e9clamation pr\u00e9alable est n\u00e9cessaire. Nous vous remercions de vous adresser en priorit\u00e9 au vendeur \u00e0 l\u2019adresse \u00e9lectronique suivante: <span style=\"text-decoration: underline\"><a href=\"mailto:info@murielughetto.com\" target=\"_self\">info@murielughetto.com<\/a><\/span>.<\/p><p class=\"translation-block\">En cas d\u2019\u00e9chec de satisfaction de la r\u00e9clamation ou en l\u2019absence de r\u00e9ponse du vendeur dans un d\u00e9lai de deux mois, vous pourrez soumettre le diff\u00e9rend vous opposant au vendeur.<br>A d\u00e9faut d\u2019accord amiable et sauf disposition d\u2019ordre public contraire, tout litige li\u00e9 \u00e0 l\u2019existence, l\u2019interpr\u00e9tation, la validit\u00e9 et les cons\u00e9quences des pr\u00e9sentes mentions, sera exclusivement tranch\u00e9 par les juridictions fran\u00e7aises territorialement comp\u00e9tentes.<br>Compte tenu de la dimension mondiale du r\u00e9seau Internet, la soci\u00e9t\u00e9 SO WHAT vous informe que tout utilisateur doit se conformer aux r\u00e8gles applicables dans son pays de r\u00e9sidence.<\/p>\t\t\t\t\t\t\t\t<\/div>\n\t\t\t\t<\/div>\n\t\t\t\t\t<\/div>\n\t\t<\/div>\n\t\t\t\t\t<\/div>\n\t\t<\/section>\n\t\t\t\t<\/div>","protected":false},"excerpt":{"rendered":"<p>MENTIONS L\u00c9GALES Les informations et mentions ci-dessous sont communiqu\u00e9es en application de la loi n\u00b0 2004-575 du 21 juin 2004 sur la confiance dans l\u2019\u00e9conomie num\u00e9rique et concernent le site internet accessible \u00e0 l\u2019adresse www.murielughetto.com. 1. IDENTIFICATION2. MODIFICATIONS DU SITE3. PROPRI\u00c9T\u00c9 INTELLECTUELLE4. PROTECTION DES DONN\u00c9ES PERSONNELLES5. GARANTIES ET LIMITATION DE RESPONSABILIT\u00c96. LOI APPLICABLE ET ATTRIBUTION [&hellip;]<\/p>\n","protected":false},"author":1,"featured_media":0,"parent":37599,"menu_order":0,"comment_status":"closed","ping_status":"closed","template":"elementor_header_footer","meta":{"_acf_changed":false,"footnotes":""},"class_list":["post-5353","page","type-page","status-publish","hentry"],"acf":[],"_links":{"self":[{"href":"https:\/\/murielughetto.com\/en\/wp-json\/wp\/v2\/pages\/5353","targetHints":{"allow":["GET"]}}],"collection":[{"href":"https:\/\/murielughetto.com\/en\/wp-json\/wp\/v2\/pages"}],"about":[{"href":"https:\/\/murielughetto.com\/en\/wp-json\/wp\/v2\/types\/page"}],"author":[{"embeddable":true,"href":"https:\/\/murielughetto.com\/en\/wp-json\/wp\/v2\/users\/1"}],"replies":[{"embeddable":true,"href":"https:\/\/murielughetto.com\/en\/wp-json\/wp\/v2\/comments?post=5353"}],"version-history":[{"count":3,"href":"https:\/\/murielughetto.com\/en\/wp-json\/wp\/v2\/pages\/5353\/revisions"}],"predecessor-version":[{"id":61679,"href":"https:\/\/murielughetto.com\/en\/wp-json\/wp\/v2\/pages\/5353\/revisions\/61679"}],"up":[{"embeddable":true,"href":"https:\/\/murielughetto.com\/en\/wp-json\/wp\/v2\/pages\/37599"}],"wp:attachment":[{"href":"https:\/\/murielughetto.com\/en\/wp-json\/wp\/v2\/media?parent=5353"}],"curies":[{"name":"wp","href":"https:\/\/api.w.org\/{rel}","templated":true}]}}