{"id":4221,"date":"2023-02-09T21:55:21","date_gmt":"2023-02-09T20:55:21","guid":{"rendered":"https:\/\/murielughetto.com\/2023\/?page_id=4221"},"modified":"2025-05-12T11:23:55","modified_gmt":"2025-05-12T09:23:55","slug":"suspensions","status":"publish","type":"page","link":"https:\/\/murielughetto.com\/en\/luminaire-projet\/luminaire\/ogives\/suspensions\/","title":{"rendered":"Suspensions"},"content":{"rendered":"\t\t<div data-elementor-type=\"wp-page\" data-elementor-id=\"4221\" class=\"elementor elementor-4221\" data-elementor-post-type=\"page\">\n\t\t\t\t<div class=\"elementor-element elementor-element-7198338 e-con-full e-flex e-con e-parent\" data-id=\"7198338\" data-element_type=\"container\" data-e-type=\"container\">\n\t\t\t\t<div class=\"elementor-element elementor-element-92bad0f elementor--h-position-left elementor--v-position-bottom elementor-pagination-position-outside elementor-hidden-tablet elementor-hidden-mobile elementor-widget elementor-widget-slides\" data-id=\"92bad0f\" data-element_type=\"widget\" data-e-type=\"widget\" data-settings=\"{&quot;autoplay_speed&quot;:3000,&quot;navigation&quot;:&quot;dots&quot;,&quot;autoplay&quot;:&quot;yes&quot;,&quot;pause_on_hover&quot;:&quot;yes&quot;,&quot;pause_on_interaction&quot;:&quot;yes&quot;,&quot;infinite&quot;:&quot;yes&quot;,&quot;transition&quot;:&quot;slide&quot;,&quot;transition_speed&quot;:500}\" data-widget_type=\"slides.default\">\n\t\t\t\t<div class=\"elementor-widget-container\">\n\t\t\t\t\t\t\t\t\t<div class=\"elementor-swiper\">\n\t\t\t\t\t<div class=\"elementor-slides-wrapper elementor-main-swiper swiper\" role=\"region\" aria-roledescription=\"carousel\" aria-label=\"Diapositives\" dir=\"ltr\" data-animation=\"\">\n\t\t\t\t<div class=\"swiper-wrapper elementor-slides\">\n\t\t\t\t\t\t\t\t\t\t<div class=\"elementor-repeater-item-bce75b1 swiper-slide\" role=\"group\" aria-roledescription=\"slide\"><div class=\"swiper-slide-bg\" role=\"img\" aria-label=\"500\"><\/div><div class=\"swiper-slide-inner\" ><div class=\"swiper-slide-contents\"><\/div><\/div><\/div><div class=\"elementor-repeater-item-7581d58 swiper-slide\" role=\"group\" aria-roledescription=\"slide\"><div class=\"swiper-slide-bg\" role=\"img\" aria-label=\"900.sjpg\"><\/div><div class=\"swiper-slide-inner\" ><div class=\"swiper-slide-contents\"><\/div><\/div><\/div>\t\t\t\t<\/div>\n\t\t\t\t\t\t\t\t\t\t\t\t\t\t\t\t\t\t\t\t<div class=\"swiper-pagination\"><\/div>\n\t\t\t\t\t\t\t\t\t\t\t\t<\/div>\n\t\t\t\t<\/div>\n\t\t\t\t\t\t\t\t<\/div>\n\t\t\t\t<\/div>\n\t\t\t\t<div class=\"elementor-element elementor-element-4c54067 elementor-hidden-desktop elementor-widget elementor-widget-image\" data-id=\"4c54067\" data-element_type=\"widget\" data-e-type=\"widget\" data-widget_type=\"image.default\">\n\t\t\t\t<div class=\"elementor-widget-container\">\n\t\t\t\t\t\t\t\t\t\t\t\t\t\t\t<img fetchpriority=\"high\" decoding=\"async\" width=\"800\" height=\"1000\" src=\"https:\/\/murielughetto.com\/wp-content\/uploads\/fdzd-819x1024.webp\" class=\"attachment-large size-large wp-image-60076\" alt=\"FDZD\" srcset=\"https:\/\/murielughetto.com\/wp-content\/uploads\/fdzd-819x1024.webp 819w, https:\/\/murielughetto.com\/wp-content\/uploads\/fdzd-240x300.webp 240w, https:\/\/murielughetto.com\/wp-content\/uploads\/fdzd-768x960.webp 768w, https:\/\/murielughetto.com\/wp-content\/uploads\/fdzd-10x12.webp 10w, https:\/\/murielughetto.com\/wp-content\/uploads\/fdzd.webp 1080w\" sizes=\"(max-width: 800px) 100vw, 800px\" \/>\t\t\t\t\t\t\t\t\t\t\t\t\t\t\t<\/div>\n\t\t\t\t<\/div>\n\t\t\t\t<\/div>\n\t\t<div class=\"elementor-element elementor-element-e7aa67d e-flex e-con-boxed e-con e-parent\" data-id=\"e7aa67d\" data-element_type=\"container\" data-e-type=\"container\">\n\t\t\t\t\t<div class=\"e-con-inner\">\n\t\t\t\t<div class=\"elementor-element elementor-element-abb2fe5 elementor-widget elementor-widget-heading\" data-id=\"abb2fe5\" data-element_type=\"widget\" data-e-type=\"widget\" data-widget_type=\"heading.default\">\n\t\t\t\t<div class=\"elementor-widget-container\">\n\t\t\t\t\t<h3 class=\"elementor-heading-title elementor-size-default\"><span class=\"grande-lettre\">O<\/span>Give, le verre feutr\u00e9<\/h3>\t\t\t\t<\/div>\n\t\t\t\t<\/div>\n\t\t\t\t<div class=\"elementor-element elementor-element-c9c88ea elementor-widget elementor-widget-text-editor\" data-id=\"c9c88ea\" data-element_type=\"widget\" data-e-type=\"widget\" data-widget_type=\"text-editor.default\">\n\t\t\t\t<div class=\"elementor-widget-container\">\n\t\t\t\t\t\t\t\t\t<p>Nous avons d\u00e9velopp\u00e9 une technique exclusive de feutrage sur verre permettant d&rsquo;apporter une tenue \u00e0 la laine et de l&rsquo;adapter \u00e0 une grande diversit\u00e9 de formes.\u00a0<br \/>L&rsquo;opalescence de la laine feutr\u00e9e cr\u00e9e une atmosph\u00e8re lumineuse douce et chaleureuse.<\/p>\t\t\t\t\t\t\t\t<\/div>\n\t\t\t\t<\/div>\n\t\t<div class=\"elementor-element elementor-element-d4ce6fe e-con-full e-flex e-con e-child\" data-id=\"d4ce6fe\" data-element_type=\"container\" data-e-type=\"container\">\n\t\t<div class=\"elementor-element elementor-element-a1f1ddd e-con-full e-flex e-con e-child\" data-id=\"a1f1ddd\" data-element_type=\"container\" data-e-type=\"container\">\n\t\t\t\t<div class=\"elementor-element elementor-element-e55a854 elementor-widget elementor-widget-text-editor\" data-id=\"e55a854\" data-element_type=\"widget\" data-e-type=\"widget\" data-widget_type=\"text-editor.default\">\n\t\t\t\t<div class=\"elementor-widget-container\">\n\t\t\t\t\t\t\t\t\t<p>Dimensions PM<br \/>Dimensions MM<br \/>Dimensions GM<\/p>\t\t\t\t\t\t\t\t<\/div>\n\t\t\t\t<\/div>\n\t\t\t\t<\/div>\n\t\t<div class=\"elementor-element elementor-element-a842592 e-con-full e-flex e-con e-child\" data-id=\"a842592\" data-element_type=\"container\" data-e-type=\"container\">\n\t\t\t\t<div class=\"elementor-element elementor-element-b1e4b93 elementor-widget elementor-widget-text-editor\" data-id=\"b1e4b93\" data-element_type=\"widget\" data-e-type=\"widget\" data-widget_type=\"text-editor.default\">\n\t\t\t\t<div class=\"elementor-widget-container\">\n\t\t\t\t\t\t\t\t\t<p>H40\/D8 CM<br \/>H60\/D12 CM<br \/>H80\/D16 CM<\/p>\t\t\t\t\t\t\t\t<\/div>\n\t\t\t\t<\/div>\n\t\t\t\t<\/div>\n\t\t\t\t<\/div>\n\t\t\t\t\t<\/div>\n\t\t\t\t<\/div>\n\t\t<div class=\"elementor-element elementor-element-7c7038e e-flex e-con-boxed e-con e-parent\" data-id=\"7c7038e\" data-element_type=\"container\" data-e-type=\"container\">\n\t\t\t\t\t<div class=\"e-con-inner\">\n\t\t\t\t<div class=\"elementor-element elementor-element-e2b289d elementor-widget elementor-widget-heading\" data-id=\"e2b289d\" data-element_type=\"widget\" data-e-type=\"widget\" data-widget_type=\"heading.default\">\n\t\t\t\t<div class=\"elementor-widget-container\">\n\t\t\t\t\t<h3 class=\"elementor-heading-title elementor-size-default\">Suspension ogive quartz<\/h3>\t\t\t\t<\/div>\n\t\t\t\t<\/div>\n\t\t\t\t<div class=\"elementor-element elementor-element-ec8be26 elementor-pagination-position-outside elementor-widget elementor-widget-image-carousel\" data-id=\"ec8be26\" data-element_type=\"widget\" data-e-type=\"widget\" data-settings=\"{&quot;slides_to_show&quot;:&quot;1&quot;,&quot;navigation&quot;:&quot;dots&quot;,&quot;autoplay_speed&quot;:3000,&quot;autoplay&quot;:&quot;yes&quot;,&quot;pause_on_hover&quot;:&quot;yes&quot;,&quot;pause_on_interaction&quot;:&quot;yes&quot;,&quot;infinite&quot;:&quot;yes&quot;,&quot;effect&quot;:&quot;slide&quot;,&quot;speed&quot;:500}\" data-widget_type=\"image-carousel.default\">\n\t\t\t\t<div class=\"elementor-widget-container\">\n\t\t\t\t\t\t\t<div class=\"elementor-image-carousel-wrapper swiper\" role=\"region\" aria-roledescription=\"carousel\" aria-label=\"Carrousel d\u2019images\" dir=\"ltr\">\n\t\t\t<div class=\"elementor-image-carousel swiper-wrapper swiper-image-stretch\" aria-live=\"off\">\n\t\t\t\t\t\t\t\t<div class=\"swiper-slide\" role=\"group\" aria-roledescription=\"slide\" aria-label=\"1 sur 2\"><figure class=\"swiper-slide-inner\"><img decoding=\"async\" class=\"swiper-slide-image\" src=\"https:\/\/murielughetto.com\/wp-content\/uploads\/suspension-ogive-quartz.webp\" alt=\"suspension-ogive-quartz\" \/><\/figure><\/div><div class=\"swiper-slide\" role=\"group\" aria-roledescription=\"slide\" aria-label=\"2 sur 2\"><figure class=\"swiper-slide-inner\"><img decoding=\"async\" class=\"swiper-slide-image\" src=\"https:\/\/murielughetto.com\/wp-content\/uploads\/suspension-ogive-quartz-1.webp\" alt=\"suspension-ogive-quartz-1\" \/><\/figure><\/div>\t\t\t<\/div>\n\t\t\t\t\t\t\t\n\t\t\t\t\t\t\t\t\t<div class=\"swiper-pagination\"><\/div>\n\t\t\t\t\t\t\t\t\t<\/div>\n\t\t\t\t\t\t<\/div>\n\t\t\t\t<\/div>\n\t\t\t\t<div class=\"elementor-element elementor-element-801ce58 elementor-widget elementor-widget-text-editor\" data-id=\"801ce58\" data-element_type=\"widget\" data-e-type=\"widget\" data-widget_type=\"text-editor.default\">\n\t\t\t\t<div class=\"elementor-widget-container\">\n\t\t\t\t\t\t\t\t\tLe mod\u00e8le Quartz est tout en l\u00e9g\u00e8ret\u00e9 et transparence.\n<span style=\"font-size: 1em;\"><br>Le feutrage est r\u00e9alis\u00e9 \u00e0 base de laine M\u00e9rinos.\u00a0<\/span><br>\n<br> Prix sur demande, nous consulter.\t\t\t\t\t\t\t\t<\/div>\n\t\t\t\t<\/div>\n\t\t\t\t\t<\/div>\n\t\t\t\t<\/div>\n\t\t<div class=\"elementor-element elementor-element-f2c13f7 e-flex e-con-boxed e-con e-parent\" data-id=\"f2c13f7\" data-element_type=\"container\" data-e-type=\"container\">\n\t\t\t\t\t<div class=\"e-con-inner\">\n\t\t\t\t<div class=\"elementor-element elementor-element-27efc5b elementor-widget elementor-widget-image\" data-id=\"27efc5b\" data-element_type=\"widget\" data-e-type=\"widget\" data-widget_type=\"image.default\">\n\t\t\t\t<div class=\"elementor-widget-container\">\n\t\t\t\t\t\t\t\t\t\t\t\t\t\t\t<img decoding=\"async\" width=\"1342\" height=\"700\" src=\"https:\/\/murielughetto.com\/wp-content\/uploads\/2023\/03\/Ogive_Making_Off.jpg\" class=\"attachment-full size-full wp-image-13082\" alt=\"\" srcset=\"https:\/\/murielughetto.com\/wp-content\/uploads\/2023\/03\/Ogive_Making_Off.jpg 1342w, https:\/\/murielughetto.com\/wp-content\/uploads\/2023\/03\/Ogive_Making_Off-300x156.jpg 300w, https:\/\/murielughetto.com\/wp-content\/uploads\/2023\/03\/Ogive_Making_Off-1024x534.jpg 1024w, https:\/\/murielughetto.com\/wp-content\/uploads\/2023\/03\/Ogive_Making_Off-768x401.jpg 768w, https:\/\/murielughetto.com\/wp-content\/uploads\/2023\/03\/Ogive_Making_Off-18x9.jpg 18w, https:\/\/murielughetto.com\/wp-content\/uploads\/2023\/03\/Ogive_Making_Off-1080x563.jpg 1080w\" sizes=\"(max-width: 1342px) 100vw, 1342px\" \/>\t\t\t\t\t\t\t\t\t\t\t\t\t\t\t<\/div>\n\t\t\t\t<\/div>\n\t\t\t\t\t<\/div>\n\t\t\t\t<\/div>\n\t\t<div class=\"elementor-element elementor-element-260aa42 e-con-full e-flex e-con e-parent\" data-id=\"260aa42\" data-element_type=\"container\" data-e-type=\"container\" data-settings=\"{&quot;background_background&quot;:&quot;slideshow&quot;,&quot;background_slideshow_gallery&quot;:[{&quot;id&quot;:13083,&quot;url&quot;:&quot;https:\\\/\\\/murielughetto.com\\\/wp-content\\\/uploads\\\/2023\\\/03\\\/Ogive_Making_Off2.jpg&quot;}],&quot;background_slideshow_loop&quot;:&quot;yes&quot;,&quot;background_slideshow_slide_duration&quot;:5000,&quot;background_slideshow_slide_transition&quot;:&quot;fade&quot;,&quot;background_slideshow_transition_duration&quot;:500}\">\n\t\t\t\t<div class=\"elementor-element elementor-element-2b9fa9b elementor-align-center elementor-widget elementor-widget-button\" data-id=\"2b9fa9b\" data-element_type=\"widget\" data-e-type=\"widget\" data-settings=\"{&quot;_animation&quot;:&quot;none&quot;,&quot;_animation_delay&quot;:300}\" data-widget_type=\"button.default\">\n\t\t\t\t<div class=\"elementor-widget-container\">\n\t\t\t\t\t\t\t\t\t<div class=\"elementor-button-wrapper\">\n\t\t\t\t\t<a class=\"elementor-button elementor-button-link elementor-size-sm\" href=\"https:\/\/murielughetto.com\/making-of-ogive\/\">\n\t\t\t\t\t\t<span class=\"elementor-button-content-wrapper\">\n\t\t\t\t\t\t\t\t\t<span class=\"elementor-button-text\">Voir le making of<\/span>\n\t\t\t\t\t<\/span>\n\t\t\t\t\t<\/a>\n\t\t\t\t<\/div>\n\t\t\t\t\t\t\t\t<\/div>\n\t\t\t\t<\/div>\n\t\t\t\t<\/div>\n\t\t\t\t<\/div>\n\t\t","protected":false},"excerpt":{"rendered":"<p>OGive, le verre feutr\u00e9 Nous avons d\u00e9velopp\u00e9 une technique exclusive de feutrage sur verre permettant d&rsquo;apporter une tenue \u00e0 la laine et de l&rsquo;adapter \u00e0 une grande diversit\u00e9 de formes.\u00a0L&rsquo;opalescence de la laine feutr\u00e9e cr\u00e9e une atmosph\u00e8re lumineuse douce et chaleureuse. Dimensions PMDimensions MMDimensions GM H40\/D8 CMH60\/D12 CMH80\/D16 CM Suspension ogive quartz Le mod\u00e8le Quartz [&hellip;]<\/p>\n","protected":false},"author":1,"featured_media":0,"parent":3478,"menu_order":0,"comment_status":"closed","ping_status":"closed","template":"elementor_header_footer","meta":{"_acf_changed":false,"footnotes":""},"class_list":["post-4221","page","type-page","status-publish","hentry"],"acf":[],"_links":{"self":[{"href":"https:\/\/murielughetto.com\/en\/wp-json\/wp\/v2\/pages\/4221","targetHints":{"allow":["GET"]}}],"collection":[{"href":"https:\/\/murielughetto.com\/en\/wp-json\/wp\/v2\/pages"}],"about":[{"href":"https:\/\/murielughetto.com\/en\/wp-json\/wp\/v2\/types\/page"}],"author":[{"embeddable":true,"href":"https:\/\/murielughetto.com\/en\/wp-json\/wp\/v2\/users\/1"}],"replies":[{"embeddable":true,"href":"https:\/\/murielughetto.com\/en\/wp-json\/wp\/v2\/comments?post=4221"}],"version-history":[{"count":0,"href":"https:\/\/murielughetto.com\/en\/wp-json\/wp\/v2\/pages\/4221\/revisions"}],"up":[{"embeddable":true,"href":"https:\/\/murielughetto.com\/en\/wp-json\/wp\/v2\/pages\/3478"}],"wp:attachment":[{"href":"https:\/\/murielughetto.com\/en\/wp-json\/wp\/v2\/media?parent=4221"}],"curies":[{"name":"wp","href":"https:\/\/api.w.org\/{rel}","templated":true}]}}