{"id":42138,"date":"2025-03-19T10:31:41","date_gmt":"2025-03-19T09:31:41","guid":{"rendered":"https:\/\/murielughetto.com\/?page_id=42138"},"modified":"2025-05-08T09:53:41","modified_gmt":"2025-05-08T07:53:41","slug":"luminaire-projet","status":"publish","type":"page","link":"https:\/\/murielughetto.com\/en\/luminaire-projet\/","title":{"rendered":"Lighting &amp; project"},"content":{"rendered":"<div data-elementor-type=\"wp-page\" data-elementor-id=\"42138\" class=\"elementor elementor-42138\" data-elementor-post-type=\"page\">\n\t\t\t\t<div class=\"elementor-element elementor-element-6150fac e-con-full e-flex e-con e-parent\" data-id=\"6150fac\" data-element_type=\"container\" data-e-type=\"container\">\n\t\t\t\t<div class=\"elementor-element elementor-element-c8308b1 elementor-hidden-tablet elementor-hidden-mobile elementor-widget elementor-widget-image\" data-id=\"c8308b1\" data-element_type=\"widget\" data-e-type=\"widget\" data-widget_type=\"image.default\">\n\t\t\t\t<div class=\"elementor-widget-container\">\n\t\t\t\t\t\t\t\t\t\t\t\t\t\t\t<img fetchpriority=\"high\" decoding=\"async\" width=\"800\" height=\"377\" src=\"https:\/\/murielughetto.com\/wp-content\/uploads\/rzaer-scaled-1024x482.webp\" class=\"attachment-large size-large wp-image-59581\" alt=\"RZAER\" srcset=\"https:\/\/murielughetto.com\/wp-content\/uploads\/rzaer-scaled-1024x482.webp 1024w, https:\/\/murielughetto.com\/wp-content\/uploads\/rzaer-scaled-300x141.webp 300w, https:\/\/murielughetto.com\/wp-content\/uploads\/rzaer-scaled-768x361.webp 768w, https:\/\/murielughetto.com\/wp-content\/uploads\/rzaer-scaled-1536x722.webp 1536w, https:\/\/murielughetto.com\/wp-content\/uploads\/rzaer-scaled-18x8.webp 18w, https:\/\/murielughetto.com\/wp-content\/uploads\/rzaer-scaled-1080x508.webp 1080w, https:\/\/murielughetto.com\/wp-content\/uploads\/rzaer-scaled.webp 1920w\" sizes=\"(max-width: 800px) 100vw, 800px\" \/>\t\t\t\t\t\t\t\t\t\t\t\t\t\t\t<\/div>\n\t\t\t\t<\/div>\n\t\t\t\t<div class=\"elementor-element elementor-element-b8ed813 elementor-hidden-desktop elementor-widget elementor-widget-image\" data-id=\"b8ed813\" data-element_type=\"widget\" data-e-type=\"widget\" data-widget_type=\"image.default\">\n\t\t\t\t<div class=\"elementor-widget-container\">\n\t\t\t\t\t\t\t\t\t\t\t\t\t\t\t<img decoding=\"async\" width=\"800\" height=\"1000\" src=\"https:\/\/murielughetto.com\/wp-content\/uploads\/zzez-819x1024.webp\" class=\"attachment-large size-large wp-image-59928\" alt=\"ZZ\u00c9Z\" srcset=\"https:\/\/murielughetto.com\/wp-content\/uploads\/zzez-819x1024.webp 819w, https:\/\/murielughetto.com\/wp-content\/uploads\/zzez-240x300.webp 240w, https:\/\/murielughetto.com\/wp-content\/uploads\/zzez-768x960.webp 768w, https:\/\/murielughetto.com\/wp-content\/uploads\/zzez-10x12.webp 10w, https:\/\/murielughetto.com\/wp-content\/uploads\/zzez.webp 1080w\" sizes=\"(max-width: 800px) 100vw, 800px\" \/>\t\t\t\t\t\t\t\t\t\t\t\t\t\t\t<\/div>\n\t\t\t\t<\/div>\n\t\t\t\t<div class=\"elementor-element elementor-element-f03d6bc elementor-absolute elementor-widget elementor-widget-image\" data-id=\"f03d6bc\" data-element_type=\"widget\" data-e-type=\"widget\" data-settings=\"{&quot;_position&quot;:&quot;absolute&quot;}\" data-widget_type=\"image.default\">\n\t\t\t\t<div class=\"elementor-widget-container\">\n\t\t\t\t\t\t\t\t\t\t\t\t\t\t\t<img decoding=\"async\" width=\"800\" height=\"500\" src=\"https:\/\/murielughetto.com\/wp-content\/uploads\/az.svg\" class=\"attachment-large size-large wp-image-59691\" alt=\"\" \/>\t\t\t\t\t\t\t\t\t\t\t\t\t\t\t<\/div>\n\t\t\t\t<\/div>\n\t\t\t\t<\/div>\n\t\t<div class=\"elementor-element elementor-element-c005a4c e-flex e-con-boxed e-con e-parent\" data-id=\"c005a4c\" data-element_type=\"container\" data-e-type=\"container\">\n\t\t\t\t\t<div class=\"e-con-inner\">\n\t\t\t\t<div class=\"elementor-element elementor-element-ab0e5b1 mon-titre elementor-widget elementor-widget-heading\" data-id=\"ab0e5b1\" data-element_type=\"widget\" data-e-type=\"widget\" data-widget_type=\"heading.default\">\n\t\t\t\t<div class=\"elementor-widget-container\">\n\t\t\t\t\t<h2 class=\"elementor-heading-title elementor-size-default\"><span class=\"grande-lettre\">G<\/span>\u00e9ode<\/h2>\t\t\t\t<\/div>\n\t\t\t\t<\/div>\n\t\t\t\t<div class=\"elementor-element elementor-element-3af2128 elementor-widget elementor-widget-heading\" data-id=\"3af2128\" data-element_type=\"widget\" data-e-type=\"widget\" data-widget_type=\"heading.default\">\n\t\t\t\t<div class=\"elementor-widget-container\">\n\t\t\t\t\t<h3 class=\"elementor-heading-title elementor-size-default\">A lamp, an object, a sculpture<\/h3>\t\t\t\t<\/div>\n\t\t\t\t<\/div>\n\t\t\t\t\t<\/div>\n\t\t\t\t<\/div>\n\t\t<div class=\"elementor-element elementor-element-793b674 e-con-full e-flex e-con e-parent\" data-id=\"793b674\" data-element_type=\"container\" data-e-type=\"container\">\n\t\t\t\t<div class=\"elementor-element elementor-element-aa18ce6 elementor-widget elementor-widget-image\" data-id=\"aa18ce6\" data-element_type=\"widget\" data-e-type=\"widget\" data-widget_type=\"image.default\">\n\t\t\t\t<div class=\"elementor-widget-container\">\n\t\t\t\t\t\t\t\t\t\t\t\t\t\t\t<img loading=\"lazy\" decoding=\"async\" width=\"1920\" height=\"858\" src=\"https:\/\/murielughetto.com\/wp-content\/uploads\/r22-scaled.webp\" class=\"attachment-full size-full wp-image-59382\" alt=\"R\" srcset=\"https:\/\/murielughetto.com\/wp-content\/uploads\/r22-scaled.webp 1920w, https:\/\/murielughetto.com\/wp-content\/uploads\/r22-scaled-300x134.webp 300w, https:\/\/murielughetto.com\/wp-content\/uploads\/r22-scaled-1024x458.webp 1024w, https:\/\/murielughetto.com\/wp-content\/uploads\/r22-scaled-768x343.webp 768w, https:\/\/murielughetto.com\/wp-content\/uploads\/r22-scaled-1536x686.webp 1536w, https:\/\/murielughetto.com\/wp-content\/uploads\/r22-scaled-18x8.webp 18w, https:\/\/murielughetto.com\/wp-content\/uploads\/r22-scaled-1080x483.webp 1080w\" sizes=\"(max-width: 1920px) 100vw, 1920px\" \/>\t\t\t\t\t\t\t\t\t\t\t\t\t\t\t<\/div>\n\t\t\t\t<\/div>\n\t\t\t\t<\/div>\n\t\t<div class=\"elementor-element elementor-element-f987d12 e-flex e-con-boxed e-con e-parent\" data-id=\"f987d12\" data-element_type=\"container\" data-e-type=\"container\">\n\t\t\t\t\t<div class=\"e-con-inner\">\n\t\t\t\t<div class=\"elementor-element elementor-element-27f24f1 elementor-widget elementor-widget-heading\" data-id=\"27f24f1\" data-element_type=\"widget\" data-e-type=\"widget\" data-widget_type=\"heading.default\">\n\t\t\t\t<div class=\"elementor-widget-container\">\n\t\t\t\t\t<h3 class=\"elementor-heading-title elementor-size-default\">Of wood and wool<\/h3>\t\t\t\t<\/div>\n\t\t\t\t<\/div>\n\t\t\t\t<div class=\"elementor-element elementor-element-c245747 elementor-widget elementor-widget-text-editor\" data-id=\"c245747\" data-element_type=\"widget\" data-e-type=\"widget\" data-widget_type=\"text-editor.default\">\n\t\t\t\t<div class=\"elementor-widget-container\">\n\t\t\t\t\t\t\t\t\t<p>Stone reinterpreted, an original and poetic combination of wood and wool. <br \/>The expression of a work of two strictly opposed materials which were not predestined to meet, wood and wool.<\/p>\t\t\t\t\t\t\t\t<\/div>\n\t\t\t\t<\/div>\n\t\t\t\t<div class=\"elementor-element elementor-element-2123e25 elementor-align-left elementor-widget elementor-widget-button\" data-id=\"2123e25\" data-element_type=\"widget\" data-e-type=\"widget\" data-widget_type=\"button.default\">\n\t\t\t\t<div class=\"elementor-widget-container\">\n\t\t\t\t\t\t\t\t\t<div class=\"elementor-button-wrapper\">\n\t\t\t\t\t<a class=\"elementor-button elementor-button-link elementor-size-sm\" href=\"https:\/\/murielughetto.com\/en\/luminaire-projet\/luminaire\/geode\/\">\n\t\t\t\t\t\t<span class=\"elementor-button-content-wrapper\">\n\t\t\t\t\t\t\t\t\t<span class=\"elementor-button-text\">Discover collection<\/span>\n\t\t\t\t\t<\/span>\n\t\t\t\t\t<\/a>\n\t\t\t\t<\/div>\n\t\t\t\t\t\t\t\t<\/div>\n\t\t\t\t<\/div>\n\t\t\t\t\t<\/div>\n\t\t\t\t<\/div>\n\t\t<div class=\"elementor-element elementor-element-2bd3bf9 e-flex e-con-boxed e-con e-parent\" data-id=\"2bd3bf9\" data-element_type=\"container\" data-e-type=\"container\">\n\t\t\t\t\t<div class=\"e-con-inner\">\n\t\t\t\t<div class=\"elementor-element elementor-element-89b67d0 mon-titre elementor-widget elementor-widget-heading\" data-id=\"89b67d0\" data-element_type=\"widget\" data-e-type=\"widget\" data-widget_type=\"heading.default\">\n\t\t\t\t<div class=\"elementor-widget-container\">\n\t\t\t\t\t<h2 class=\"elementor-heading-title elementor-size-default\"><span class=\"grande-lettre\">M<\/span>on truc en plumes\u200b<\/h2>\t\t\t\t<\/div>\n\t\t\t\t<\/div>\n\t\t\t\t<div class=\"elementor-element elementor-element-83baaca elementor-widget elementor-widget-heading\" data-id=\"83baaca\" data-element_type=\"widget\" data-e-type=\"widget\" data-widget_type=\"heading.default\">\n\t\t\t\t<div class=\"elementor-widget-container\">\n\t\t\t\t\t<h2 class=\"elementor-heading-title elementor-size-default\">Nature revisited<\/h2>\t\t\t\t<\/div>\n\t\t\t\t<\/div>\n\t\t\t\t\t<\/div>\n\t\t\t\t<\/div>\n\t\t<div class=\"elementor-element elementor-element-4846457 e-con-full e-flex e-con e-parent\" data-id=\"4846457\" data-element_type=\"container\" data-e-type=\"container\">\n\t\t\t\t<div class=\"elementor-element elementor-element-649f2ee elementor-widget elementor-widget-image\" data-id=\"649f2ee\" data-element_type=\"widget\" data-e-type=\"widget\" data-widget_type=\"image.default\">\n\t\t\t\t<div class=\"elementor-widget-container\">\n\t\t\t\t\t\t\t\t\t\t\t\t\t\t\t<img loading=\"lazy\" decoding=\"async\" width=\"800\" height=\"300\" src=\"https:\/\/murielughetto.com\/wp-content\/uploads\/3-28-1024x384.webp\" class=\"attachment-large size-large wp-image-60026\" alt=\"3\" srcset=\"https:\/\/murielughetto.com\/wp-content\/uploads\/3-28-1024x384.webp 1024w, https:\/\/murielughetto.com\/wp-content\/uploads\/3-28-300x113.webp 300w, https:\/\/murielughetto.com\/wp-content\/uploads\/3-28-768x288.webp 768w, https:\/\/murielughetto.com\/wp-content\/uploads\/3-28-1536x576.webp 1536w, https:\/\/murielughetto.com\/wp-content\/uploads\/3-28-18x7.webp 18w, https:\/\/murielughetto.com\/wp-content\/uploads\/3-28-1080x405.webp 1080w, https:\/\/murielughetto.com\/wp-content\/uploads\/3-28.webp 1600w\" sizes=\"(max-width: 800px) 100vw, 800px\" \/>\t\t\t\t\t\t\t\t\t\t\t\t\t\t\t<\/div>\n\t\t\t\t<\/div>\n\t\t\t\t<\/div>\n\t\t<div class=\"elementor-element elementor-element-7d4cb17 e-flex e-con-boxed e-con e-parent\" data-id=\"7d4cb17\" data-element_type=\"container\" data-e-type=\"container\">\n\t\t\t\t\t<div class=\"e-con-inner\">\n\t\t\t\t<div class=\"elementor-element elementor-element-bef9f34 elementor-widget elementor-widget-heading\" data-id=\"bef9f34\" data-element_type=\"widget\" data-e-type=\"widget\" data-widget_type=\"heading.default\">\n\t\t\t\t<div class=\"elementor-widget-container\">\n\t\t\t\t\t<h3 class=\"elementor-heading-title elementor-size-default\">Of feathers and glass<\/h3>\t\t\t\t<\/div>\n\t\t\t\t<\/div>\n\t\t\t\t<div class=\"elementor-element elementor-element-e3ad64c elementor-widget elementor-widget-text-editor\" data-id=\"e3ad64c\" data-element_type=\"widget\" data-e-type=\"widget\" data-widget_type=\"text-editor.default\">\n\t\t\t\t<div class=\"elementor-widget-container\">\n\t\t\t\t\t\t\t\t\t<p>Feathers carry energy and softness.\u00a0<br \/>Feathers carry energy and softness.<br>\nAccording to their colors they represent hope, wisdom, love, harmony.<br>Our pendant lamps combine feathers and glass using a clever system of magnets.<br>\nHere in green, a clear evocation of nature...\u00a0<br \/>Nos suspensions associent la plume et le verre \u00e0 l\u2019aide d\u2019un judicieux syst\u00e8me d\u2019aimants.\u00a0<br \/>Ici en vert, une \u00e9vidente \u00e9vocation de la nature.<\/p>\t\t\t\t\t\t\t\t<\/div>\n\t\t\t\t<\/div>\n\t\t\t\t<div class=\"elementor-element elementor-element-79ec5a8 elementor-align-left elementor-widget elementor-widget-button\" data-id=\"79ec5a8\" data-element_type=\"widget\" data-e-type=\"widget\" data-widget_type=\"button.default\">\n\t\t\t\t<div class=\"elementor-widget-container\">\n\t\t\t\t\t\t\t\t\t<div class=\"elementor-button-wrapper\">\n\t\t\t\t\t<a class=\"elementor-button elementor-button-link elementor-size-sm\" href=\"https:\/\/murielughetto.com\/en\/luminaire-projet\/luminaire\/mon-truc-en-plumes\/\">\n\t\t\t\t\t\t<span class=\"elementor-button-content-wrapper\">\n\t\t\t\t\t\t\t\t\t<span class=\"elementor-button-text\">Discover collection<\/span>\n\t\t\t\t\t<\/span>\n\t\t\t\t\t<\/a>\n\t\t\t\t<\/div>\n\t\t\t\t\t\t\t\t<\/div>\n\t\t\t\t<\/div>\n\t\t\t\t\t<\/div>\n\t\t\t\t<\/div>\n\t\t<div class=\"elementor-element elementor-element-5e6ba33 e-flex e-con-boxed e-con e-parent\" data-id=\"5e6ba33\" data-element_type=\"container\" data-e-type=\"container\">\n\t\t\t\t\t<div class=\"e-con-inner\">\n\t\t\t\t<div class=\"elementor-element elementor-element-e121478 mon-titre elementor-widget elementor-widget-heading\" data-id=\"e121478\" data-element_type=\"widget\" data-e-type=\"widget\" data-widget_type=\"heading.default\">\n\t\t\t\t<div class=\"elementor-widget-container\">\n\t\t\t\t\t<h2 class=\"elementor-heading-title elementor-size-default\"><span class=\"grande-lettre\">O<\/span>give<\/h2>\t\t\t\t<\/div>\n\t\t\t\t<\/div>\n\t\t\t\t<div class=\"elementor-element elementor-element-a2afad2 elementor-widget elementor-widget-heading\" data-id=\"a2afad2\" data-element_type=\"widget\" data-e-type=\"widget\" data-widget_type=\"heading.default\">\n\t\t\t\t<div class=\"elementor-widget-container\">\n\t\t\t\t\t<h2 class=\"elementor-heading-title elementor-size-default\">Of wool and glass<\/h2>\t\t\t\t<\/div>\n\t\t\t\t<\/div>\n\t\t\t\t\t<\/div>\n\t\t\t\t<\/div>\n\t\t<div class=\"elementor-element elementor-element-bf80c71 e-con-full e-flex e-con e-parent\" data-id=\"bf80c71\" data-element_type=\"container\" data-e-type=\"container\">\n\t\t\t\t<div class=\"elementor-element elementor-element-16aa601 elementor-widget elementor-widget-image\" data-id=\"16aa601\" data-element_type=\"widget\" data-e-type=\"widget\" data-widget_type=\"image.default\">\n\t\t\t\t<div class=\"elementor-widget-container\">\n\t\t\t\t\t\t\t\t\t\t\t\t\t\t\t<img loading=\"lazy\" decoding=\"async\" width=\"1600\" height=\"600\" src=\"https:\/\/murielughetto.com\/wp-content\/uploads\/4-21.webp\" class=\"attachment-full size-full wp-image-60027\" alt=\"4\" srcset=\"https:\/\/murielughetto.com\/wp-content\/uploads\/4-21.webp 1600w, https:\/\/murielughetto.com\/wp-content\/uploads\/4-21-300x113.webp 300w, https:\/\/murielughetto.com\/wp-content\/uploads\/4-21-1024x384.webp 1024w, https:\/\/murielughetto.com\/wp-content\/uploads\/4-21-768x288.webp 768w, https:\/\/murielughetto.com\/wp-content\/uploads\/4-21-1536x576.webp 1536w, https:\/\/murielughetto.com\/wp-content\/uploads\/4-21-18x7.webp 18w, https:\/\/murielughetto.com\/wp-content\/uploads\/4-21-1080x405.webp 1080w\" sizes=\"(max-width: 1600px) 100vw, 1600px\" \/>\t\t\t\t\t\t\t\t\t\t\t\t\t\t\t<\/div>\n\t\t\t\t<\/div>\n\t\t\t\t<\/div>\n\t\t<div class=\"elementor-element elementor-element-88309bc e-flex e-con-boxed e-con e-parent\" data-id=\"88309bc\" data-element_type=\"container\" data-e-type=\"container\">\n\t\t\t\t\t<div class=\"e-con-inner\">\n\t\t\t\t<div class=\"elementor-element elementor-element-e0cd68a elementor-widget elementor-widget-heading\" data-id=\"e0cd68a\" data-element_type=\"widget\" data-e-type=\"widget\" data-widget_type=\"heading.default\">\n\t\t\t\t<div class=\"elementor-widget-container\">\n\t\t\t\t\t<h3 class=\"elementor-heading-title elementor-size-default\">An exclusive technique of felting on glass<\/h3>\t\t\t\t<\/div>\n\t\t\t\t<\/div>\n\t\t\t\t<div class=\"elementor-element elementor-element-216266a elementor-widget elementor-widget-text-editor\" data-id=\"216266a\" data-element_type=\"widget\" data-e-type=\"widget\" data-widget_type=\"text-editor.default\">\n\t\t\t\t<div class=\"elementor-widget-container\">\n\t\t\t\t\t\t\t\t\t<p class=\"translation-block\">We have developed an exclusive technique of felting on glass that gives the wool a firm hold and enables it to be adapted to a wide variety of shapes. <br>\nThe opalescence of the felted wool creates a soft, warm atmosphere of light.<\/p>\t\t\t\t\t\t\t\t<\/div>\n\t\t\t\t<\/div>\n\t\t\t\t<div class=\"elementor-element elementor-element-b369297 elementor-align-left elementor-widget elementor-widget-button\" data-id=\"b369297\" data-element_type=\"widget\" data-e-type=\"widget\" data-widget_type=\"button.default\">\n\t\t\t\t<div class=\"elementor-widget-container\">\n\t\t\t\t\t\t\t\t\t<div class=\"elementor-button-wrapper\">\n\t\t\t\t\t<a class=\"elementor-button elementor-button-link elementor-size-sm\" href=\"https:\/\/murielughetto.com\/en\/luminaire-projet\/luminaire\/ogives\/\">\n\t\t\t\t\t\t<span class=\"elementor-button-content-wrapper\">\n\t\t\t\t\t\t\t\t\t<span class=\"elementor-button-text\">Discover collection<\/span>\n\t\t\t\t\t<\/span>\n\t\t\t\t\t<\/a>\n\t\t\t\t<\/div>\n\t\t\t\t\t\t\t\t<\/div>\n\t\t\t\t<\/div>\n\t\t\t\t\t<\/div>\n\t\t\t\t<\/div>\n\t\t<div class=\"elementor-element elementor-element-9da5ab7 e-flex e-con-boxed e-con e-parent\" data-id=\"9da5ab7\" data-element_type=\"container\" data-e-type=\"container\">\n\t\t\t\t\t<div class=\"e-con-inner\">\n\t\t\t\t<div class=\"elementor-element elementor-element-b614c18 elementor-widget elementor-widget-heading\" data-id=\"b614c18\" data-element_type=\"widget\" data-e-type=\"widget\" data-widget_type=\"heading.default\">\n\t\t\t\t<div class=\"elementor-widget-container\">\n\t\t\t\t\t<h2 class=\"elementor-heading-title elementor-size-default translation-block\">Our <span class=\"grande-lettre\">W<\/span>orkshops<\/h2>\t\t\t\t<\/div>\n\t\t\t\t<\/div>\n\t\t\t\t<div class=\"elementor-element elementor-element-96a9564 elementor-widget elementor-widget-heading\" data-id=\"96a9564\" data-element_type=\"widget\" data-e-type=\"widget\" data-widget_type=\"heading.default\">\n\t\t\t\t<div class=\"elementor-widget-container\">\n\t\t\t\t\t<h2 class=\"elementor-heading-title elementor-size-default\">Our know-how \"Made in France\"<\/h2>\t\t\t\t<\/div>\n\t\t\t\t<\/div>\n\t\t\t\t\t<\/div>\n\t\t\t\t<\/div>\n\t\t<div class=\"elementor-element elementor-element-4ff0a41 e-con-full e-flex e-con e-parent\" data-id=\"4ff0a41\" data-element_type=\"container\" data-e-type=\"container\">\n\t\t\t\t<div class=\"elementor-element elementor-element-8c41111 elementor-widget elementor-widget-html\" data-id=\"8c41111\" data-element_type=\"widget\" data-e-type=\"widget\" data-widget_type=\"html.default\">\n\t\t\t\t<div class=\"elementor-widget-container\">\n\t\t\t\t\t<video autoplay loop muted playsinline\n src=\"https:\/\/murielughetto.com\/wp-content\/uploads\/2023\/04\/WEB-HOME-VIDEO-ATELIER_1.mp4\" type=\"video\/mp4\">\n<\/video>\t\t\t\t<\/div>\n\t\t\t\t<\/div>\n\t\t\t\t<\/div>\n\t\t<div class=\"elementor-element elementor-element-bf08f2e e-flex e-con-boxed e-con e-parent\" data-id=\"bf08f2e\" data-element_type=\"container\" data-e-type=\"container\">\n\t\t\t\t\t<div class=\"e-con-inner\">\n\t\t\t\t<div class=\"elementor-element elementor-element-a1b21a0 elementor-widget elementor-widget-heading\" data-id=\"a1b21a0\" data-element_type=\"widget\" data-e-type=\"widget\" data-widget_type=\"heading.default\">\n\t\t\t\t<div class=\"elementor-widget-container\">\n\t\t\t\t\t<h3 class=\"elementor-heading-title elementor-size-default\">Where creation takes shape<\/h3>\t\t\t\t<\/div>\n\t\t\t\t<\/div>\n\t\t\t\t<div class=\"elementor-element elementor-element-18b6624 elementor-widget elementor-widget-text-editor\" data-id=\"18b6624\" data-element_type=\"widget\" data-e-type=\"widget\" data-widget_type=\"text-editor.default\">\n\t\t\t\t<div class=\"elementor-widget-container\">\n\t\t\t\t\t\t\t\t\t<p class=\"translation-block\">Designing an object is exciting, but the ultimate accomplishment is mastering its creation.<br>\nIt is in our Mougins workshop that we ensure the development and manufacture, in whole or in part, of our creations.<br>\nThis mastery is an invaluable luxury that allows us to adapt our products and to offer \u201ctailor-made\u201d creations for certain projects.<\/p>\t\t\t\t\t\t\t\t<\/div>\n\t\t\t\t<\/div>\n\t\t\t\t<div class=\"elementor-element elementor-element-da8a511 elementor-align-left elementor-widget elementor-widget-button\" data-id=\"da8a511\" data-element_type=\"widget\" data-e-type=\"widget\" data-widget_type=\"button.default\">\n\t\t\t\t<div class=\"elementor-widget-container\">\n\t\t\t\t\t\t\t\t\t<div class=\"elementor-button-wrapper\">\n\t\t\t\t\t<a class=\"elementor-button elementor-button-link elementor-size-sm\" href=\"https:\/\/murielughetto.com\/en\/luminaire-projet\/workshop\/\">\n\t\t\t\t\t\t<span class=\"elementor-button-content-wrapper\">\n\t\t\t\t\t\t\t\t\t<span class=\"elementor-button-text\">Discover workshop<\/span>\n\t\t\t\t\t<\/span>\n\t\t\t\t\t<\/a>\n\t\t\t\t<\/div>\n\t\t\t\t\t\t\t\t<\/div>\n\t\t\t\t<\/div>\n\t\t\t\t\t<\/div>\n\t\t\t\t<\/div>\n\t\t\t\t<\/div>","protected":false},"excerpt":{"rendered":"<p>G\u00e9ode Une lampe, un objet, une sculpture De bois et de laine La pierre r\u00e9interpr\u00e9t\u00e9e, une association originale et po\u00e9tique du bois et de la laine. L&rsquo;expression d&rsquo;un travail de deux mati\u00e8res strictement oppos\u00e9es qui n&rsquo;\u00e9taient pas pr\u00e9destin\u00e9es \u00e0 se rencontrer, le bois et la laine. D\u00e9couvrir la collection Mon truc en plumes\u200b La nature [&hellip;]<\/p>\n","protected":false},"author":2,"featured_media":0,"parent":0,"menu_order":0,"comment_status":"closed","ping_status":"closed","template":"elementor_header_footer","meta":{"_acf_changed":false,"footnotes":""},"class_list":["post-42138","page","type-page","status-publish","hentry"],"acf":[],"_links":{"self":[{"href":"https:\/\/murielughetto.com\/en\/wp-json\/wp\/v2\/pages\/42138","targetHints":{"allow":["GET"]}}],"collection":[{"href":"https:\/\/murielughetto.com\/en\/wp-json\/wp\/v2\/pages"}],"about":[{"href":"https:\/\/murielughetto.com\/en\/wp-json\/wp\/v2\/types\/page"}],"author":[{"embeddable":true,"href":"https:\/\/murielughetto.com\/en\/wp-json\/wp\/v2\/users\/2"}],"replies":[{"embeddable":true,"href":"https:\/\/murielughetto.com\/en\/wp-json\/wp\/v2\/comments?post=42138"}],"version-history":[{"count":0,"href":"https:\/\/murielughetto.com\/en\/wp-json\/wp\/v2\/pages\/42138\/revisions"}],"wp:attachment":[{"href":"https:\/\/murielughetto.com\/en\/wp-json\/wp\/v2\/media?parent=42138"}],"curies":[{"name":"wp","href":"https:\/\/api.w.org\/{rel}","templated":true}]}}